{"id":27692,"date":"2022-08-08T13:44:02","date_gmt":"2022-08-08T06:44:02","guid":{"rendered":"https:\/\/megagangnam.com\/chinh-sach-bao-hanh-doi-tra\/"},"modified":"2023-11-07T10:42:17","modified_gmt":"2023-11-07T03:42:17","slug":"warranty-and-return-policy","status":"publish","type":"page","link":"https:\/\/megagangnam.com\/en\/warranty-and-return-policy\/","title":{"rendered":"Warranty and return policy"},"content":{"rendered":"<p>WARRANTY AND RETURN POLICY:<br \/>\n1. Warranty policy<br \/>\nWarranty period: All products we provide are warranted for free for 6 months from the date of delivery.<br \/>\n2. Warranty conditions<br \/>\n&#8211; We will provide warranty for any technical problems due to manufacturing errors<br \/>\n&#8211; Warranty goods must have intact warranty stamps, product stamps and receipts proving that you purchased the goods from megagangnam.com.<br \/>\n&#8211; For damages such as: Breaking, damaging, deforming, causing fire damage and other similar cases are not within the scope of warranty.<br \/>\n&#8211; We are still responsible for repairs, but the buyer must pay the actual cost of replacement materials and components.<br \/>\nRepair or replace with a new one at a preferential price when the warranty period expires.<br \/>\n3. Instructions for claiming warranty<br \/>\nYou can call the company&#8217;s customer care department to request warranty:<br \/>\nFor further details, please contact us:<br \/>\nHotline: 0901 853 853.<br \/>\n4. Return policy<br \/>\n&#8211; Scope of application<br \/>\nReturns are applicable within 12 hours for products damaged due to shipping errors or manufacturer errors.<br \/>\n5. Return conditions<br \/>\n\u2013 Return time: within 7 days from the date of request to return goods<br \/>\n\u2013 Require to keep the original packaging and labels of the product when returning it<br \/>\n\u2013 The number of returns for a product is 1 time<br \/>\n\u2013 Products that cannot be returned: the return period has expired and the products are not due to the carrier&#8217;s fault and are not due to the manufacturer&#8217;s fault.<br \/>\nWe are also very willing to listen to customers&#8217; suggestions and requests.<br \/>\nYou can contact: 0901 853 853 (office hours) to provide your comments on our products and services.<\/p>\n","protected":false},"excerpt":{"rendered":"<p>WARRANTY AND RETURN POLICY: 1. Warranty policy Warranty period: All products we provide are warranted for free for 6 months from the date of delivery. 2. Warranty conditions &#8211; We will provide warranty for any technical problems due to manufacturing errors &#8211; Warranty goods must have intact warranty stamps, product stamps and receipts proving that [&hellip;]<\/p>\n","protected":false},"author":3,"featured_media":0,"parent":0,"menu_order":0,"comment_status":"closed","ping_status":"closed","template":"","meta":{"inline_featured_image":false,"footnotes":""},"class_list":["post-27692","page","type-page","status-publish","hentry"],"yoast_head":"<!-- This site is optimized with the Yoast SEO Premium plugin v23.0 (Yoast SEO v23.0) - https:\/\/yoast.com\/wordpress\/plugins\/seo\/ -->\n<title>Warranty and return policy - Mega Gangnam<\/title>\n<meta name=\"robots\" content=\"index, follow, max-snippet:-1, max-image-preview:large, max-video-preview:-1\" \/>\n<link rel=\"canonical\" href=\"https:\/\/megagangnam.com\/chinh-sach-bao-hanh-doi-tra\/\" \/>\n<meta property=\"og:locale\" content=\"en_US\" \/>\n<meta property=\"og:type\" content=\"article\" \/>\n<meta property=\"og:title\" content=\"Warranty and return policy\" \/>\n<meta property=\"og:description\" content=\"WARRANTY AND RETURN POLICY: 1. Warranty policy Warranty period: All products we provide are warranted for free for 6 months from the date of delivery. 2. Warranty conditions &#8211; We will provide warranty for any technical problems due to manufacturing errors &#8211; Warranty goods must have intact warranty stamps, product stamps and receipts proving that [&hellip;]\" \/>\n<meta property=\"og:url\" content=\"https:\/\/megagangnam.com\/chinh-sach-bao-hanh-doi-tra\/\" \/>\n<meta property=\"og:site_name\" content=\"Mega Gangnam\" \/>\n<meta property=\"article:publisher\" content=\"https:\/\/www.facebook.com\/Phongkham.MegaGangnam\" \/>\n<meta property=\"article:modified_time\" content=\"2023-11-07T03:42:17+00:00\" \/>\n<meta name=\"twitter:card\" content=\"summary_large_image\" \/>\n<meta name=\"twitter:site\" content=\"@pkqtmegagangnam\" \/>\n<meta name=\"twitter:label1\" content=\"Est. reading time\" \/>\n\t<meta name=\"twitter:data1\" content=\"2 minutes\" \/>\n<!-- \/ Yoast SEO Premium plugin. -->","yoast_head_json":{"title":"Warranty and return policy - Mega Gangnam","robots":{"index":"index","follow":"follow","max-snippet":"max-snippet:-1","max-image-preview":"max-image-preview:large","max-video-preview":"max-video-preview:-1"},"canonical":"https:\/\/megagangnam.com\/chinh-sach-bao-hanh-doi-tra\/","og_locale":"en_US","og_type":"article","og_title":"Warranty and return policy","og_description":"WARRANTY AND RETURN POLICY: 1. Warranty policy Warranty period: All products we provide are warranted for free for 6 months from the date of delivery. 2. Warranty conditions &#8211; We will provide warranty for any technical problems due to manufacturing errors &#8211; Warranty goods must have intact warranty stamps, product stamps and receipts proving that [&hellip;]","og_url":"https:\/\/megagangnam.com\/chinh-sach-bao-hanh-doi-tra\/","og_site_name":"Mega Gangnam","article_publisher":"https:\/\/www.facebook.com\/Phongkham.MegaGangnam","article_modified_time":"2023-11-07T03:42:17+00:00","twitter_card":"summary_large_image","twitter_site":"@pkqtmegagangnam","twitter_misc":{"Est. reading time":"2 minutes"},"schema":{"@context":"https:\/\/schema.org","@graph":[{"@type":"WebPage","@id":"https:\/\/megagangnam.com\/chinh-sach-bao-hanh-doi-tra\/","url":"https:\/\/megagangnam.com\/chinh-sach-bao-hanh-doi-tra\/","name":"Warranty and return policy - Mega Gangnam","isPartOf":{"@id":"https:\/\/megagangnam.com\/#website"},"datePublished":"2022-08-08T06:44:02+00:00","dateModified":"2023-11-07T03:42:17+00:00","breadcrumb":{"@id":"https:\/\/megagangnam.com\/chinh-sach-bao-hanh-doi-tra\/#breadcrumb"},"inLanguage":"en-US","potentialAction":[{"@type":"ReadAction","target":["https:\/\/megagangnam.com\/chinh-sach-bao-hanh-doi-tra\/"]}]},{"@type":"BreadcrumbList","@id":"https:\/\/megagangnam.com\/chinh-sach-bao-hanh-doi-tra\/#breadcrumb","itemListElement":[{"@type":"ListItem","position":1,"name":"Home","item":"https:\/\/megagangnam.com\/en\/"},{"@type":"ListItem","position":2,"name":"Warranty and return policy"}]},{"@type":"WebSite","@id":"https:\/\/megagangnam.com\/#website","url":"https:\/\/megagangnam.com\/","name":"PH\u00d2NG KH\u00c1M MEGA GANGNAM","description":"","publisher":{"@id":"https:\/\/megagangnam.com\/#organization"},"alternateName":"Mega Gangnam","potentialAction":[{"@type":"SearchAction","target":{"@type":"EntryPoint","urlTemplate":"https:\/\/megagangnam.com\/?s={search_term_string}"},"query-input":"required name=search_term_string"}],"inLanguage":"en-US"},{"@type":"Organization","@id":"https:\/\/megagangnam.com\/#organization","name":"PH\u00d2NG KH\u00c1M MEGA GANGNAM","alternateName":"Mega Gangnam","url":"https:\/\/megagangnam.com\/","logo":{"@type":"ImageObject","inLanguage":"en-US","@id":"https:\/\/megagangnam.com\/#\/schema\/logo\/image\/","url":"https:\/\/megagangnam.com\/wp-content\/uploads\/2024\/10\/LOGO-MEGA-GANGNAM-.png","contentUrl":"https:\/\/megagangnam.com\/wp-content\/uploads\/2024\/10\/LOGO-MEGA-GANGNAM-.png","width":1318,"height":752,"caption":"PH\u00d2NG KH\u00c1M MEGA GANGNAM"},"image":{"@id":"https:\/\/megagangnam.com\/#\/schema\/logo\/image\/"},"sameAs":["https:\/\/www.facebook.com\/Phongkham.MegaGangnam","https:\/\/x.com\/pkqtmegagangnam","https:\/\/www.scoop.it\/topic\/mega-gangnam","https:\/\/myspace.com\/pkqtmegagangnam","https:\/\/www.pinterest.com\/pkqtmegagangnam","https:\/\/www.flickr.com\/people\/pkqtmegagangnam\/","https:\/\/www.instagram.com\/pkqtmegagangnam\/","https:\/\/www.youtube.com\/channel\/UCojQ10-ZUGAt4hOpbMqaIZA","https:\/\/www.tiktok.com\/@mega.gangnam","https:\/\/issuu.com\/pkqtmegagangnam"],"description":"Ho\u1ea1t \u0111\u1ed9ng trong l\u0129nh v\u1ef1c ch\u0103m s\u00f3c s\u1ee9c kh\u1ecfe v\u00e0 l\u00e0m \u0111\u1eb9p cao c\u1ea5p, Mega Gangnam s\u1edf h\u1eefu \u0111\u1ea7y \u0111\u1ee7 tinh hoa y t\u1ebf t\u1eeb t\u1eadp \u0111o\u00e0n Mega Corporation. C\u00f3 m\u1eb7t t\u1ea1i Vi\u1ec7t Nam h\u01a1n 16 n\u0103m, Mega Gangnam t\u1ef1 h\u00e0o m\u1edf ra k\u1ef7 nguy\u00ean l\u00e0m \u0111\u1eb9p v\u00e0 ch\u0103m s\u00f3c s\u1ee9c kh\u1ecfe m\u1edbi cho ng\u01b0\u1eddi Vi\u1ec7t.","email":"cskh@megagangnam.com","telephone":"0901 853 853","legalName":"C\u00d4NG TY C\u1ed4 PH\u1ea6N \u0110\u1ea6U T\u01af QU\u1ed0C T\u1ebe - MEGA GANGNAM","foundingDate":"2019-10-19","vatID":"0108480231","taxID":"0108480231","numberOfEmployees":{"@type":"QuantitativeValue","minValue":"501","maxValue":"1000"},"publishingPrinciples":"https:\/\/megagangnam.com\/chinh-sach-bien-tap-noi-dung\/"}]}},"_links":{"self":[{"href":"https:\/\/megagangnam.com\/en\/wp-json\/wp\/v2\/pages\/27692"}],"collection":[{"href":"https:\/\/megagangnam.com\/en\/wp-json\/wp\/v2\/pages"}],"about":[{"href":"https:\/\/megagangnam.com\/en\/wp-json\/wp\/v2\/types\/page"}],"author":[{"embeddable":true,"href":"https:\/\/megagangnam.com\/en\/wp-json\/wp\/v2\/users\/3"}],"replies":[{"embeddable":true,"href":"https:\/\/megagangnam.com\/en\/wp-json\/wp\/v2\/comments?post=27692"}],"version-history":[{"count":1,"href":"https:\/\/megagangnam.com\/en\/wp-json\/wp\/v2\/pages\/27692\/revisions"}],"predecessor-version":[{"id":31780,"href":"https:\/\/megagangnam.com\/en\/wp-json\/wp\/v2\/pages\/27692\/revisions\/31780"}],"wp:attachment":[{"href":"https:\/\/megagangnam.com\/en\/wp-json\/wp\/v2\/media?parent=27692"}],"curies":[{"name":"wp","href":"https:\/\/api.w.org\/{rel}","templated":true}]}}