{"id":27693,"date":"2022-08-08T13:31:58","date_gmt":"2022-08-08T06:31:58","guid":{"rendered":"https:\/\/megagangnam.com\/chinh-sach-giao-nhan-va-kiem-hang\/"},"modified":"2023-11-07T10:40:02","modified_gmt":"2023-11-07T03:40:02","slug":"delivery-receipt-and-inspection-policies","status":"publish","type":"page","link":"https:\/\/megagangnam.com\/en\/delivery-receipt-and-inspection-policies\/","title":{"rendered":"Delivery, receipt and inspection policies"},"content":{"rendered":"<p>DELIVERY, RECEIPT AND GOODS INSPECTION POLICY:<br \/>\n1. Scope of application:<br \/>\nScope of application: all provinces and cities nationwide.<br \/>\n2. Delivery &#8211; receipt time<br \/>\n\u2013 Once received and processed, the order will be delivered within 24 hours or according to the contract schedule.<br \/>\n\u2013 For customers in remote provinces, after receiving the order, the expected delivery time is 3 &#8211; 5 days. However, depending on the condition of the goods, weather conditions, etc., the delivery date will change.<br \/>\n\u2013 Delivery time is calculated from the time of completing the order procedure with the consultant until receiving the goods<br \/>\nDuring the delivery process, if the customer wants to issue invoices and documents, the company will send them to the customer. When purchasing directly at the store or purchasing goods to receive at home, we will send them via email to the customer during the delivery process. service usage<br \/>\n3. Delivery method:<br \/>\n&#8211; For customers from far away provinces: Use delivery or shuttle service.<br \/>\n&#8211; For inner city\/suburban customers: Free shipping for orders under 10km.<br \/>\n4. Goods inspection policy:<br \/>\n&#8211; Cases for checking goods:<br \/>\n\u2022 When receiving the goods, you have the right to request the delivery staff to open it for inspection.<br \/>\n\u2022 In case an order is placed and the seller delivers the wrong product, you have the right to return the goods without paying.<br \/>\n\u2022 In case you have paid in advance but the order is incorrect, you can request a complete refund or redeliver a new order as ordered.<br \/>\n\u2022 In case of requesting a refund or exchange, please contact via Email: support@megagangnam.com or phone number 0901 853 853, we commit to resolve all your requests.<br \/>\n&#8211; In case goods are not allowed to be inspected:<br \/>\nThe Shop DOES NOT VIEW\/CHECK THE GOODS (No joint inspection). Avoid the case of swapping the goods inside. If you have a problem after receiving the goods, please call 0901 853 853 immediately so the Shop can handle it and will exchange it for free. Thank you!<\/p>\n","protected":false},"excerpt":{"rendered":"<p>DELIVERY, RECEIPT AND GOODS INSPECTION POLICY: 1. Scope of application: Scope of application: all provinces and cities nationwide. 2. Delivery &#8211; receipt time \u2013 Once received and processed, the order will be delivered within 24 hours or according to the contract schedule. \u2013 For customers in remote provinces, after receiving the order, the expected delivery [&hellip;]<\/p>\n","protected":false},"author":3,"featured_media":0,"parent":0,"menu_order":0,"comment_status":"closed","ping_status":"closed","template":"","meta":{"inline_featured_image":false,"footnotes":""},"class_list":["post-27693","page","type-page","status-publish","hentry"],"yoast_head":"<!-- This site is optimized with the Yoast SEO Premium plugin v23.0 (Yoast SEO v23.0) - https:\/\/yoast.com\/wordpress\/plugins\/seo\/ -->\n<title>Delivery, receipt and inspection policies - Mega Gangnam<\/title>\n<meta name=\"robots\" content=\"index, follow, max-snippet:-1, max-image-preview:large, max-video-preview:-1\" \/>\n<link rel=\"canonical\" href=\"https:\/\/megagangnam.com\/chinh-sach-giao-nhan-va-kiem-hang\/\" \/>\n<meta property=\"og:locale\" content=\"en_US\" \/>\n<meta property=\"og:type\" content=\"article\" \/>\n<meta property=\"og:title\" content=\"Delivery, receipt and inspection policies\" \/>\n<meta property=\"og:description\" content=\"DELIVERY, RECEIPT AND GOODS INSPECTION POLICY: 1. Scope of application: Scope of application: all provinces and cities nationwide. 2. Delivery &#8211; receipt time \u2013 Once received and processed, the order will be delivered within 24 hours or according to the contract schedule. \u2013 For customers in remote provinces, after receiving the order, the expected delivery [&hellip;]\" \/>\n<meta property=\"og:url\" content=\"https:\/\/megagangnam.com\/chinh-sach-giao-nhan-va-kiem-hang\/\" \/>\n<meta property=\"og:site_name\" content=\"Mega Gangnam\" \/>\n<meta property=\"article:publisher\" content=\"https:\/\/www.facebook.com\/Phongkham.MegaGangnam\" \/>\n<meta property=\"article:modified_time\" content=\"2023-11-07T03:40:02+00:00\" \/>\n<meta name=\"twitter:card\" content=\"summary_large_image\" \/>\n<meta name=\"twitter:site\" content=\"@pkqtmegagangnam\" \/>\n<meta name=\"twitter:label1\" content=\"Est. reading time\" \/>\n\t<meta name=\"twitter:data1\" content=\"2 minutes\" \/>\n<!-- \/ Yoast SEO Premium plugin. -->","yoast_head_json":{"title":"Delivery, receipt and inspection policies - Mega Gangnam","robots":{"index":"index","follow":"follow","max-snippet":"max-snippet:-1","max-image-preview":"max-image-preview:large","max-video-preview":"max-video-preview:-1"},"canonical":"https:\/\/megagangnam.com\/chinh-sach-giao-nhan-va-kiem-hang\/","og_locale":"en_US","og_type":"article","og_title":"Delivery, receipt and inspection policies","og_description":"DELIVERY, RECEIPT AND GOODS INSPECTION POLICY: 1. Scope of application: Scope of application: all provinces and cities nationwide. 2. Delivery &#8211; receipt time \u2013 Once received and processed, the order will be delivered within 24 hours or according to the contract schedule. \u2013 For customers in remote provinces, after receiving the order, the expected delivery [&hellip;]","og_url":"https:\/\/megagangnam.com\/chinh-sach-giao-nhan-va-kiem-hang\/","og_site_name":"Mega Gangnam","article_publisher":"https:\/\/www.facebook.com\/Phongkham.MegaGangnam","article_modified_time":"2023-11-07T03:40:02+00:00","twitter_card":"summary_large_image","twitter_site":"@pkqtmegagangnam","twitter_misc":{"Est. reading time":"2 minutes"},"schema":{"@context":"https:\/\/schema.org","@graph":[{"@type":"WebPage","@id":"https:\/\/megagangnam.com\/chinh-sach-giao-nhan-va-kiem-hang\/","url":"https:\/\/megagangnam.com\/chinh-sach-giao-nhan-va-kiem-hang\/","name":"Delivery, receipt and inspection policies - Mega Gangnam","isPartOf":{"@id":"https:\/\/megagangnam.com\/#website"},"datePublished":"2022-08-08T06:31:58+00:00","dateModified":"2023-11-07T03:40:02+00:00","breadcrumb":{"@id":"https:\/\/megagangnam.com\/chinh-sach-giao-nhan-va-kiem-hang\/#breadcrumb"},"inLanguage":"en-US","potentialAction":[{"@type":"ReadAction","target":["https:\/\/megagangnam.com\/chinh-sach-giao-nhan-va-kiem-hang\/"]}]},{"@type":"BreadcrumbList","@id":"https:\/\/megagangnam.com\/chinh-sach-giao-nhan-va-kiem-hang\/#breadcrumb","itemListElement":[{"@type":"ListItem","position":1,"name":"Home","item":"https:\/\/megagangnam.com\/en\/"},{"@type":"ListItem","position":2,"name":"Delivery, receipt and inspection policies"}]},{"@type":"WebSite","@id":"https:\/\/megagangnam.com\/#website","url":"https:\/\/megagangnam.com\/","name":"PH\u00d2NG KH\u00c1M MEGA GANGNAM","description":"","publisher":{"@id":"https:\/\/megagangnam.com\/#organization"},"alternateName":"Mega Gangnam","potentialAction":[{"@type":"SearchAction","target":{"@type":"EntryPoint","urlTemplate":"https:\/\/megagangnam.com\/?s={search_term_string}"},"query-input":"required name=search_term_string"}],"inLanguage":"en-US"},{"@type":"Organization","@id":"https:\/\/megagangnam.com\/#organization","name":"PH\u00d2NG KH\u00c1M MEGA GANGNAM","alternateName":"Mega Gangnam","url":"https:\/\/megagangnam.com\/","logo":{"@type":"ImageObject","inLanguage":"en-US","@id":"https:\/\/megagangnam.com\/#\/schema\/logo\/image\/","url":"https:\/\/megagangnam.com\/wp-content\/uploads\/2024\/10\/LOGO-MEGA-GANGNAM-.png","contentUrl":"https:\/\/megagangnam.com\/wp-content\/uploads\/2024\/10\/LOGO-MEGA-GANGNAM-.png","width":1318,"height":752,"caption":"PH\u00d2NG KH\u00c1M MEGA GANGNAM"},"image":{"@id":"https:\/\/megagangnam.com\/#\/schema\/logo\/image\/"},"sameAs":["https:\/\/www.facebook.com\/Phongkham.MegaGangnam","https:\/\/x.com\/pkqtmegagangnam","https:\/\/www.scoop.it\/topic\/mega-gangnam","https:\/\/myspace.com\/pkqtmegagangnam","https:\/\/www.pinterest.com\/pkqtmegagangnam","https:\/\/www.flickr.com\/people\/pkqtmegagangnam\/","https:\/\/www.instagram.com\/pkqtmegagangnam\/","https:\/\/www.youtube.com\/channel\/UCojQ10-ZUGAt4hOpbMqaIZA","https:\/\/www.tiktok.com\/@mega.gangnam","https:\/\/issuu.com\/pkqtmegagangnam"],"description":"Ho\u1ea1t \u0111\u1ed9ng trong l\u0129nh v\u1ef1c ch\u0103m s\u00f3c s\u1ee9c kh\u1ecfe v\u00e0 l\u00e0m \u0111\u1eb9p cao c\u1ea5p, Mega Gangnam s\u1edf h\u1eefu \u0111\u1ea7y \u0111\u1ee7 tinh hoa y t\u1ebf t\u1eeb t\u1eadp \u0111o\u00e0n Mega Corporation. C\u00f3 m\u1eb7t t\u1ea1i Vi\u1ec7t Nam h\u01a1n 16 n\u0103m, Mega Gangnam t\u1ef1 h\u00e0o m\u1edf ra k\u1ef7 nguy\u00ean l\u00e0m \u0111\u1eb9p v\u00e0 ch\u0103m s\u00f3c s\u1ee9c kh\u1ecfe m\u1edbi cho ng\u01b0\u1eddi Vi\u1ec7t.","email":"cskh@megagangnam.com","telephone":"0901 853 853","legalName":"C\u00d4NG TY C\u1ed4 PH\u1ea6N \u0110\u1ea6U T\u01af QU\u1ed0C T\u1ebe - MEGA GANGNAM","foundingDate":"2019-10-19","vatID":"0108480231","taxID":"0108480231","numberOfEmployees":{"@type":"QuantitativeValue","minValue":"501","maxValue":"1000"},"publishingPrinciples":"https:\/\/megagangnam.com\/chinh-sach-bien-tap-noi-dung\/"}]}},"_links":{"self":[{"href":"https:\/\/megagangnam.com\/en\/wp-json\/wp\/v2\/pages\/27693"}],"collection":[{"href":"https:\/\/megagangnam.com\/en\/wp-json\/wp\/v2\/pages"}],"about":[{"href":"https:\/\/megagangnam.com\/en\/wp-json\/wp\/v2\/types\/page"}],"author":[{"embeddable":true,"href":"https:\/\/megagangnam.com\/en\/wp-json\/wp\/v2\/users\/3"}],"replies":[{"embeddable":true,"href":"https:\/\/megagangnam.com\/en\/wp-json\/wp\/v2\/comments?post=27693"}],"version-history":[{"count":1,"href":"https:\/\/megagangnam.com\/en\/wp-json\/wp\/v2\/pages\/27693\/revisions"}],"predecessor-version":[{"id":31799,"href":"https:\/\/megagangnam.com\/en\/wp-json\/wp\/v2\/pages\/27693\/revisions\/31799"}],"wp:attachment":[{"href":"https:\/\/megagangnam.com\/en\/wp-json\/wp\/v2\/media?parent=27693"}],"curies":[{"name":"wp","href":"https:\/\/api.w.org\/{rel}","templated":true}]}}