{"id":27694,"date":"2022-06-16T10:26:11","date_gmt":"2022-06-16T03:26:11","guid":{"rendered":"https:\/\/megagangnam.com\/chinh-sach-tiep-nhan-giai-quyet-khieu-nai\/"},"modified":"2023-11-07T10:44:32","modified_gmt":"2023-11-07T03:44:32","slug":"policy-on-receiving-and-resolving-complaints","status":"publish","type":"page","link":"https:\/\/megagangnam.com\/en\/policy-on-receiving-and-resolving-complaints\/","title":{"rendered":"Policy on receiving and resolving complaints"},"content":{"rendered":"<p>Customers have the right to submit a complaint about the disclosure of personal information to third parties to Mega Gangnam. When receiving these responses, Mega Gangnam will confirm the information, be responsible for answering the reason, and guide the Customer to restore and re-secure the information.<\/p>\n<ul>\n<li>Principles for handling complaints:<\/li>\n<li>Mega Gangnam respects and seriously implements the provisions of law on protecting the rights of Customers, however, Mega Gangnam will only have the right and obligation to conduct activities under Mega Gangnam&#8217;s authority, subject to the Terms and Conditions. and to the extent permitted by law.<\/li>\n<li>To protect your own rights and assist Mega Gangnam in protecting the Customer&#8217;s own rights, the Customer needs to provide Mega Gangnam with complete, accurate, and truthful information.<\/li>\n<li>Customers can send complaints directly to Mega Gangnam.<\/li>\n<li>After Mega Gangnam receives a complaint from the Customer, Mega Gangnam will confirm the information. If it is correct, depending on the level, Mega Gangnam will take timely measures in accordance with the Terms and Conditions and laws.<br \/>\nMega Gangnam&#8217;s complaint resolution process:<\/li>\n<li>Step 1: All requests for complaint resolution will be transferred to Mega Gangnam&#8217;s Customer Care department: Hotline:<\/li>\n<li>Step 2: After receiving the request to resolve the complaint, the Customer Care department will verify the information provided by the Customer (through relevant staff, and information content on the Website). , create a complaint resolution report, save it and transfer it to the person who directly supports you.<\/li>\n<li>Step 3: The Customer Care Department is responsible for providing a satisfactory solution to the Customer and responding in writing; If the Customer agrees with Mega Gangnam&#8217;s solution, the complaint resolution process ends. In case the Customer does not agree with the above solution and requests re-resolution. The request to re-resolve the complaint will be transferred to the Customer Care department for resolution according to this process<\/li>\n<\/ul>\n","protected":false},"excerpt":{"rendered":"<p>Customers have the right to submit a complaint about the disclosure of personal information to third parties to Mega Gangnam. When receiving these responses, Mega Gangnam will confirm the information, be responsible for answering the reason, and guide the Customer to restore and re-secure the information. Principles for handling complaints: Mega Gangnam respects and seriously [&hellip;]<\/p>\n","protected":false},"author":3,"featured_media":0,"parent":0,"menu_order":0,"comment_status":"closed","ping_status":"closed","template":"","meta":{"inline_featured_image":false,"footnotes":""},"class_list":["post-27694","page","type-page","status-publish","hentry"],"yoast_head":"<!-- This site is optimized with the Yoast SEO Premium plugin v23.0 (Yoast SEO v23.0) - https:\/\/yoast.com\/wordpress\/plugins\/seo\/ -->\n<title>Policy on receiving and resolving complaints - Mega Gangnam<\/title>\n<meta name=\"robots\" content=\"index, follow, max-snippet:-1, max-image-preview:large, max-video-preview:-1\" \/>\n<link rel=\"canonical\" href=\"https:\/\/megagangnam.com\/chinh-sach-tiep-nhan-giai-quyet-khieu-nai\/\" \/>\n<meta property=\"og:locale\" content=\"en_US\" \/>\n<meta property=\"og:type\" content=\"article\" \/>\n<meta property=\"og:title\" content=\"Policy on receiving and resolving complaints\" \/>\n<meta property=\"og:description\" content=\"Customers have the right to submit a complaint about the disclosure of personal information to third parties to Mega Gangnam. When receiving these responses, Mega Gangnam will confirm the information, be responsible for answering the reason, and guide the Customer to restore and re-secure the information. Principles for handling complaints: Mega Gangnam respects and seriously [&hellip;]\" \/>\n<meta property=\"og:url\" content=\"https:\/\/megagangnam.com\/chinh-sach-tiep-nhan-giai-quyet-khieu-nai\/\" \/>\n<meta property=\"og:site_name\" content=\"Mega Gangnam\" \/>\n<meta property=\"article:publisher\" content=\"https:\/\/www.facebook.com\/Phongkham.MegaGangnam\" \/>\n<meta property=\"article:modified_time\" content=\"2023-11-07T03:44:32+00:00\" \/>\n<meta name=\"twitter:card\" content=\"summary_large_image\" \/>\n<meta name=\"twitter:site\" content=\"@pkqtmegagangnam\" \/>\n<meta name=\"twitter:label1\" content=\"Est. reading time\" \/>\n\t<meta name=\"twitter:data1\" content=\"2 minutes\" \/>\n<!-- \/ Yoast SEO Premium plugin. -->","yoast_head_json":{"title":"Policy on receiving and resolving complaints - Mega Gangnam","robots":{"index":"index","follow":"follow","max-snippet":"max-snippet:-1","max-image-preview":"max-image-preview:large","max-video-preview":"max-video-preview:-1"},"canonical":"https:\/\/megagangnam.com\/chinh-sach-tiep-nhan-giai-quyet-khieu-nai\/","og_locale":"en_US","og_type":"article","og_title":"Policy on receiving and resolving complaints","og_description":"Customers have the right to submit a complaint about the disclosure of personal information to third parties to Mega Gangnam. When receiving these responses, Mega Gangnam will confirm the information, be responsible for answering the reason, and guide the Customer to restore and re-secure the information. Principles for handling complaints: Mega Gangnam respects and seriously [&hellip;]","og_url":"https:\/\/megagangnam.com\/chinh-sach-tiep-nhan-giai-quyet-khieu-nai\/","og_site_name":"Mega Gangnam","article_publisher":"https:\/\/www.facebook.com\/Phongkham.MegaGangnam","article_modified_time":"2023-11-07T03:44:32+00:00","twitter_card":"summary_large_image","twitter_site":"@pkqtmegagangnam","twitter_misc":{"Est. reading time":"2 minutes"},"schema":{"@context":"https:\/\/schema.org","@graph":[{"@type":"WebPage","@id":"https:\/\/megagangnam.com\/chinh-sach-tiep-nhan-giai-quyet-khieu-nai\/","url":"https:\/\/megagangnam.com\/chinh-sach-tiep-nhan-giai-quyet-khieu-nai\/","name":"Policy on receiving and resolving complaints - Mega Gangnam","isPartOf":{"@id":"https:\/\/megagangnam.com\/#website"},"datePublished":"2022-06-16T03:26:11+00:00","dateModified":"2023-11-07T03:44:32+00:00","breadcrumb":{"@id":"https:\/\/megagangnam.com\/chinh-sach-tiep-nhan-giai-quyet-khieu-nai\/#breadcrumb"},"inLanguage":"en-US","potentialAction":[{"@type":"ReadAction","target":["https:\/\/megagangnam.com\/chinh-sach-tiep-nhan-giai-quyet-khieu-nai\/"]}]},{"@type":"BreadcrumbList","@id":"https:\/\/megagangnam.com\/chinh-sach-tiep-nhan-giai-quyet-khieu-nai\/#breadcrumb","itemListElement":[{"@type":"ListItem","position":1,"name":"Home","item":"https:\/\/megagangnam.com\/en\/"},{"@type":"ListItem","position":2,"name":"Policy on receiving and resolving complaints"}]},{"@type":"WebSite","@id":"https:\/\/megagangnam.com\/#website","url":"https:\/\/megagangnam.com\/","name":"PH\u00d2NG KH\u00c1M MEGA GANGNAM","description":"","publisher":{"@id":"https:\/\/megagangnam.com\/#organization"},"alternateName":"Mega Gangnam","potentialAction":[{"@type":"SearchAction","target":{"@type":"EntryPoint","urlTemplate":"https:\/\/megagangnam.com\/?s={search_term_string}"},"query-input":"required name=search_term_string"}],"inLanguage":"en-US"},{"@type":"Organization","@id":"https:\/\/megagangnam.com\/#organization","name":"PH\u00d2NG KH\u00c1M MEGA GANGNAM","alternateName":"Mega Gangnam","url":"https:\/\/megagangnam.com\/","logo":{"@type":"ImageObject","inLanguage":"en-US","@id":"https:\/\/megagangnam.com\/#\/schema\/logo\/image\/","url":"https:\/\/megagangnam.com\/wp-content\/uploads\/2024\/10\/LOGO-MEGA-GANGNAM-.png","contentUrl":"https:\/\/megagangnam.com\/wp-content\/uploads\/2024\/10\/LOGO-MEGA-GANGNAM-.png","width":1318,"height":752,"caption":"PH\u00d2NG KH\u00c1M MEGA GANGNAM"},"image":{"@id":"https:\/\/megagangnam.com\/#\/schema\/logo\/image\/"},"sameAs":["https:\/\/www.facebook.com\/Phongkham.MegaGangnam","https:\/\/x.com\/pkqtmegagangnam","https:\/\/www.scoop.it\/topic\/mega-gangnam","https:\/\/myspace.com\/pkqtmegagangnam","https:\/\/www.pinterest.com\/pkqtmegagangnam","https:\/\/www.flickr.com\/people\/pkqtmegagangnam\/","https:\/\/www.instagram.com\/pkqtmegagangnam\/","https:\/\/www.youtube.com\/channel\/UCojQ10-ZUGAt4hOpbMqaIZA","https:\/\/www.tiktok.com\/@mega.gangnam","https:\/\/issuu.com\/pkqtmegagangnam"],"description":"Ho\u1ea1t \u0111\u1ed9ng trong l\u0129nh v\u1ef1c ch\u0103m s\u00f3c s\u1ee9c kh\u1ecfe v\u00e0 l\u00e0m \u0111\u1eb9p cao c\u1ea5p, Mega Gangnam s\u1edf h\u1eefu \u0111\u1ea7y \u0111\u1ee7 tinh hoa y t\u1ebf t\u1eeb t\u1eadp \u0111o\u00e0n Mega Corporation. C\u00f3 m\u1eb7t t\u1ea1i Vi\u1ec7t Nam h\u01a1n 16 n\u0103m, Mega Gangnam t\u1ef1 h\u00e0o m\u1edf ra k\u1ef7 nguy\u00ean l\u00e0m \u0111\u1eb9p v\u00e0 ch\u0103m s\u00f3c s\u1ee9c kh\u1ecfe m\u1edbi cho ng\u01b0\u1eddi Vi\u1ec7t.","email":"cskh@megagangnam.com","telephone":"0901 853 853","legalName":"C\u00d4NG TY C\u1ed4 PH\u1ea6N \u0110\u1ea6U T\u01af QU\u1ed0C T\u1ebe - MEGA GANGNAM","foundingDate":"2019-10-19","vatID":"0108480231","taxID":"0108480231","numberOfEmployees":{"@type":"QuantitativeValue","minValue":"501","maxValue":"1000"},"publishingPrinciples":"https:\/\/megagangnam.com\/chinh-sach-bien-tap-noi-dung\/"}]}},"_links":{"self":[{"href":"https:\/\/megagangnam.com\/en\/wp-json\/wp\/v2\/pages\/27694"}],"collection":[{"href":"https:\/\/megagangnam.com\/en\/wp-json\/wp\/v2\/pages"}],"about":[{"href":"https:\/\/megagangnam.com\/en\/wp-json\/wp\/v2\/types\/page"}],"author":[{"embeddable":true,"href":"https:\/\/megagangnam.com\/en\/wp-json\/wp\/v2\/users\/3"}],"replies":[{"embeddable":true,"href":"https:\/\/megagangnam.com\/en\/wp-json\/wp\/v2\/comments?post=27694"}],"version-history":[{"count":2,"href":"https:\/\/megagangnam.com\/en\/wp-json\/wp\/v2\/pages\/27694\/revisions"}],"predecessor-version":[{"id":31889,"href":"https:\/\/megagangnam.com\/en\/wp-json\/wp\/v2\/pages\/27694\/revisions\/31889"}],"wp:attachment":[{"href":"https:\/\/megagangnam.com\/en\/wp-json\/wp\/v2\/media?parent=27694"}],"curies":[{"name":"wp","href":"https:\/\/api.w.org\/{rel}","templated":true}]}}