{"id":27695,"date":"2022-06-15T16:30:32","date_gmt":"2022-06-15T09:30:32","guid":{"rendered":"https:\/\/megagangnam.com\/thong-tin-chu-so-huu-website\/"},"modified":"2023-11-07T10:46:47","modified_gmt":"2023-11-07T03:46:47","slug":"website-owner-information","status":"publish","type":"page","link":"https:\/\/megagangnam.com\/en\/website-owner-information\/","title":{"rendered":"Website owner information"},"content":{"rendered":"<p><strong>International Investment Joint Stock Company &#8211; Mega Gangnam<\/strong><\/p>\n<p>&#8211; Head office address: No. 105, Tran Quoc Hoan Street, Group 2, Dich Vong Hau Ward, Cau Giay District, Hanoi City<\/p>\n<p>&#8211;\u00a0Business code: 0108480231 issued by <strong><span style=\"color: #0000ff;\"><a style=\"color: #0000ff;\" href=\"http:\/\/www.hapi.gov.vn\/\">Hanoi Department of Planning and Investment<\/a><\/span><\/strong> for the first time on October 19, 2018<\/p>\n<p><em>Detailed information for business registration: <a href=\"https:\/\/masothue.com\/0108480231-cong-ty-co-phan-dau-tu-quoc-te-mega-gangnam\">Detail<\/a><\/em><\/p>\n<p><strong>Gangnam Cosmetic Surgery Clinic &#8211; Mega Gangnam International Investment Joint Stock Company<\/strong><\/p>\n<p>&#8211; Address: No. 454 Xa Dan, Nam Dong ward, Dong Da district, Hanoi<\/p>\n<p>&#8211; Business location code: 00001 issued by Hanoi Department of Planning and Investment on December 11, 2018<\/p>\n<p>&#8211; Medical examination and treatment operation license No. 1787\/HNO-GPHD issued by Hanoi Department of Health on July 20, 2020<\/p>\n<img loading=\"lazy\" decoding=\"async\" class=\"aligncenter wp-image-18211 size-large\" src=\"https:\/\/megagangnam.com\/wp-content\/uploads\/2023\/08\/giay-phep-kham-chua-benh-phong-kham-quoc-te-megagangnam-1024x720.jpg\" alt=\"giay-phep-kham-chua-benh-phong-kham-quoc-te-megagangnam\" width=\"1024\" height=\"720\" srcset=\"https:\/\/megagangnam.com\/wp-content\/uploads\/2023\/08\/giay-phep-kham-chua-benh-phong-kham-quoc-te-megagangnam-1024x720.jpg 1024w, https:\/\/megagangnam.com\/wp-content\/uploads\/2023\/08\/giay-phep-kham-chua-benh-phong-kham-quoc-te-megagangnam-300x211.jpg 300w, https:\/\/megagangnam.com\/wp-content\/uploads\/2023\/08\/giay-phep-kham-chua-benh-phong-kham-quoc-te-megagangnam-768x540.jpg 768w, https:\/\/megagangnam.com\/wp-content\/uploads\/2023\/08\/giay-phep-kham-chua-benh-phong-kham-quoc-te-megagangnam-400x281.jpg 400w, https:\/\/megagangnam.com\/wp-content\/uploads\/2023\/08\/giay-phep-kham-chua-benh-phong-kham-quoc-te-megagangnam-570x401.jpg 570w, https:\/\/megagangnam.com\/wp-content\/uploads\/2023\/08\/giay-phep-kham-chua-benh-phong-kham-quoc-te-megagangnam-240x169.jpg 240w, https:\/\/megagangnam.com\/wp-content\/uploads\/2023\/08\/giay-phep-kham-chua-benh-phong-kham-quoc-te-megagangnam-500x352.jpg 500w, https:\/\/megagangnam.com\/wp-content\/uploads\/2023\/08\/giay-phep-kham-chua-benh-phong-kham-quoc-te-megagangnam-710x500.jpg 710w, https:\/\/megagangnam.com\/wp-content\/uploads\/2023\/08\/giay-phep-kham-chua-benh-phong-kham-quoc-te-megagangnam-753x530.jpg 753w, https:\/\/megagangnam.com\/wp-content\/uploads\/2023\/08\/giay-phep-kham-chua-benh-phong-kham-quoc-te-megagangnam-895x630.jpg 895w, https:\/\/megagangnam.com\/wp-content\/uploads\/2023\/08\/giay-phep-kham-chua-benh-phong-kham-quoc-te-megagangnam-850x598.jpg 850w, https:\/\/megagangnam.com\/wp-content\/uploads\/2023\/08\/giay-phep-kham-chua-benh-phong-kham-quoc-te-megagangnam-800x563.jpg 800w, https:\/\/megagangnam.com\/wp-content\/uploads\/2023\/08\/giay-phep-kham-chua-benh-phong-kham-quoc-te-megagangnam-310x218.jpg 310w, https:\/\/megagangnam.com\/wp-content\/uploads\/2023\/08\/giay-phep-kham-chua-benh-phong-kham-quoc-te-megagangnam-462x325.jpg 462w, https:\/\/megagangnam.com\/wp-content\/uploads\/2023\/08\/giay-phep-kham-chua-benh-phong-kham-quoc-te-megagangnam-145x102.jpg 145w, https:\/\/megagangnam.com\/wp-content\/uploads\/2023\/08\/giay-phep-kham-chua-benh-phong-kham-quoc-te-megagangnam-24x17.jpg 24w, https:\/\/megagangnam.com\/wp-content\/uploads\/2023\/08\/giay-phep-kham-chua-benh-phong-kham-quoc-te-megagangnam-978x688.jpg 978w, https:\/\/megagangnam.com\/wp-content\/uploads\/2023\/08\/giay-phep-kham-chua-benh-phong-kham-quoc-te-megagangnam-789x555.jpg 789w, https:\/\/megagangnam.com\/wp-content\/uploads\/2023\/08\/giay-phep-kham-chua-benh-phong-kham-quoc-te-megagangnam-328x231.jpg 328w, https:\/\/megagangnam.com\/wp-content\/uploads\/2023\/08\/giay-phep-kham-chua-benh-phong-kham-quoc-te-megagangnam-600x422.jpg 600w, https:\/\/megagangnam.com\/wp-content\/uploads\/2023\/08\/giay-phep-kham-chua-benh-phong-kham-quoc-te-megagangnam.jpg 1056w\" sizes=\"(max-width: 1024px) 100vw, 1024px\" \/>\n<p style=\"text-align: center;\">License for medical examination and treatment of Mega Gangnam international clinic<\/p>\n<p><strong>Dermatology clinic (HO CHI MINH CITY BRANCH &#8211; INTERNATIONAL INVESTMENT JOINT STOCK COMPANY &#8211; MEGA GANGNAM)<\/strong><\/p>\n<p>&#8211; Address: No. 68, 3\/2 Street, Ward 12, District 10, Ho Chi Minh City<\/p>\n<p>&#8211; Code: 0108480231-001 issued by Ho Chi Minh City Department of Planning and Investment on November 16, 2018<\/p>\n<p>&#8211; License for medical examination and treatment operations: No. 07894\/ HCM &#8211; GPHD &#8211; Licensing by Ho Chi Minh City Department of Health<\/p>\n<img loading=\"lazy\" decoding=\"async\" class=\"aligncenter wp-image-18212 size-large\" src=\"https:\/\/megagangnam.com\/wp-content\/uploads\/2023\/08\/giay-phep-kham-chua-benh-phong-kham-quoc-te-megagangnam-co-so-ho-chi-minh-1024x703.jpg\" alt=\"giay-phep-kham-chua-benh-phong-kham-quoc-te-megagangnam-co-so-ho-chi-minh\" width=\"1024\" height=\"703\" srcset=\"https:\/\/megagangnam.com\/wp-content\/uploads\/2023\/08\/giay-phep-kham-chua-benh-phong-kham-quoc-te-megagangnam-co-so-ho-chi-minh-1024x703.jpg 1024w, https:\/\/megagangnam.com\/wp-content\/uploads\/2023\/08\/giay-phep-kham-chua-benh-phong-kham-quoc-te-megagangnam-co-so-ho-chi-minh-300x206.jpg 300w, https:\/\/megagangnam.com\/wp-content\/uploads\/2023\/08\/giay-phep-kham-chua-benh-phong-kham-quoc-te-megagangnam-co-so-ho-chi-minh-768x528.jpg 768w, https:\/\/megagangnam.com\/wp-content\/uploads\/2023\/08\/giay-phep-kham-chua-benh-phong-kham-quoc-te-megagangnam-co-so-ho-chi-minh-400x275.jpg 400w, https:\/\/megagangnam.com\/wp-content\/uploads\/2023\/08\/giay-phep-kham-chua-benh-phong-kham-quoc-te-megagangnam-co-so-ho-chi-minh-570x392.jpg 570w, https:\/\/megagangnam.com\/wp-content\/uploads\/2023\/08\/giay-phep-kham-chua-benh-phong-kham-quoc-te-megagangnam-co-so-ho-chi-minh-240x165.jpg 240w, https:\/\/megagangnam.com\/wp-content\/uploads\/2023\/08\/giay-phep-kham-chua-benh-phong-kham-quoc-te-megagangnam-co-so-ho-chi-minh-500x343.jpg 500w, https:\/\/megagangnam.com\/wp-content\/uploads\/2023\/08\/giay-phep-kham-chua-benh-phong-kham-quoc-te-megagangnam-co-so-ho-chi-minh-710x488.jpg 710w, https:\/\/megagangnam.com\/wp-content\/uploads\/2023\/08\/giay-phep-kham-chua-benh-phong-kham-quoc-te-megagangnam-co-so-ho-chi-minh-917x630.jpg 917w, https:\/\/megagangnam.com\/wp-content\/uploads\/2023\/08\/giay-phep-kham-chua-benh-phong-kham-quoc-te-megagangnam-co-so-ho-chi-minh-850x584.jpg 850w, https:\/\/megagangnam.com\/wp-content\/uploads\/2023\/08\/giay-phep-kham-chua-benh-phong-kham-quoc-te-megagangnam-co-so-ho-chi-minh-800x550.jpg 800w, https:\/\/megagangnam.com\/wp-content\/uploads\/2023\/08\/giay-phep-kham-chua-benh-phong-kham-quoc-te-megagangnam-co-so-ho-chi-minh-310x213.jpg 310w, https:\/\/megagangnam.com\/wp-content\/uploads\/2023\/08\/giay-phep-kham-chua-benh-phong-kham-quoc-te-megagangnam-co-so-ho-chi-minh-473x325.jpg 473w, https:\/\/megagangnam.com\/wp-content\/uploads\/2023\/08\/giay-phep-kham-chua-benh-phong-kham-quoc-te-megagangnam-co-so-ho-chi-minh-145x100.jpg 145w, https:\/\/megagangnam.com\/wp-content\/uploads\/2023\/08\/giay-phep-kham-chua-benh-phong-kham-quoc-te-megagangnam-co-so-ho-chi-minh-24x16.jpg 24w, https:\/\/megagangnam.com\/wp-content\/uploads\/2023\/08\/giay-phep-kham-chua-benh-phong-kham-quoc-te-megagangnam-co-so-ho-chi-minh-978x672.jpg 978w, https:\/\/megagangnam.com\/wp-content\/uploads\/2023\/08\/giay-phep-kham-chua-benh-phong-kham-quoc-te-megagangnam-co-so-ho-chi-minh-808x555.jpg 808w, https:\/\/megagangnam.com\/wp-content\/uploads\/2023\/08\/giay-phep-kham-chua-benh-phong-kham-quoc-te-megagangnam-co-so-ho-chi-minh-328x225.jpg 328w, https:\/\/megagangnam.com\/wp-content\/uploads\/2023\/08\/giay-phep-kham-chua-benh-phong-kham-quoc-te-megagangnam-co-so-ho-chi-minh-600x412.jpg 600w, https:\/\/megagangnam.com\/wp-content\/uploads\/2023\/08\/giay-phep-kham-chua-benh-phong-kham-quoc-te-megagangnam-co-so-ho-chi-minh.jpg 1121w\" sizes=\"(max-width: 1024px) 100vw, 1024px\" \/>\n<p style=\"text-align: center;\">Mega Gangnam International Clinic&#8217;s license to operate medical examination and treatment is licensed by the Department of Health<\/p>\n<p><em>Detailed information for business registration: <a href=\"https:\/\/masothue.com\/0108480231-001-chi-nhanh-thanh-pho-ho-chi-minh-cong-ty-co-phan-dau-tu-quoc-te-mega-gangnam\">Detail<\/a><\/em><\/p>\n<p><strong>Cosmetic Clinic &#8211; International Investment Joint Stock Company &#8211; Mega Gangnam<\/strong><\/p>\n<p>&#8211; Address: 29 Nguyen Khac Nhu, Co Giang Ward, District 1, Ho Chi Minh City<\/p>\n<p>&#8211; Business location code: 00002 issued by Ho Chi Minh City Department of Planning and Investment on November 7, 2019<\/p>\n<p>&#8211; Medical examination and treatment operation license No. 00129\/HCM-GPHD issued by Ho Chi Minh City Department of Health on April 7, 2021<\/p>\n<img loading=\"lazy\" decoding=\"async\" class=\"aligncenter wp-image-18207 size-full\" src=\"https:\/\/megagangnam.com\/wp-content\/uploads\/2021\/08\/giay-phep-kham-chua-benh-phong-kham.webp\" alt=\"giay-phep-kham-chua-benh-phong-kham\" width=\"1007\" height=\"738\" srcset=\"https:\/\/megagangnam.com\/wp-content\/uploads\/2021\/08\/giay-phep-kham-chua-benh-phong-kham.webp 1007w, https:\/\/megagangnam.com\/wp-content\/uploads\/2021\/08\/giay-phep-kham-chua-benh-phong-kham-300x220.webp 300w, https:\/\/megagangnam.com\/wp-content\/uploads\/2021\/08\/giay-phep-kham-chua-benh-phong-kham-768x563.webp 768w, https:\/\/megagangnam.com\/wp-content\/uploads\/2021\/08\/giay-phep-kham-chua-benh-phong-kham-400x293.webp 400w, https:\/\/megagangnam.com\/wp-content\/uploads\/2021\/08\/giay-phep-kham-chua-benh-phong-kham-570x418.webp 570w, https:\/\/megagangnam.com\/wp-content\/uploads\/2021\/08\/giay-phep-kham-chua-benh-phong-kham-240x176.webp 240w, https:\/\/megagangnam.com\/wp-content\/uploads\/2021\/08\/giay-phep-kham-chua-benh-phong-kham-500x366.webp 500w, https:\/\/megagangnam.com\/wp-content\/uploads\/2021\/08\/giay-phep-kham-chua-benh-phong-kham-710x520.webp 710w, https:\/\/megagangnam.com\/wp-content\/uploads\/2021\/08\/giay-phep-kham-chua-benh-phong-kham-723x530.webp 723w, https:\/\/megagangnam.com\/wp-content\/uploads\/2021\/08\/giay-phep-kham-chua-benh-phong-kham-860x630.webp 860w, https:\/\/megagangnam.com\/wp-content\/uploads\/2021\/08\/giay-phep-kham-chua-benh-phong-kham-850x623.webp 850w, https:\/\/megagangnam.com\/wp-content\/uploads\/2021\/08\/giay-phep-kham-chua-benh-phong-kham-800x586.webp 800w, https:\/\/megagangnam.com\/wp-content\/uploads\/2021\/08\/giay-phep-kham-chua-benh-phong-kham-310x227.webp 310w, https:\/\/megagangnam.com\/wp-content\/uploads\/2021\/08\/giay-phep-kham-chua-benh-phong-kham-443x325.webp 443w, https:\/\/megagangnam.com\/wp-content\/uploads\/2021\/08\/giay-phep-kham-chua-benh-phong-kham-145x106.webp 145w, https:\/\/megagangnam.com\/wp-content\/uploads\/2021\/08\/giay-phep-kham-chua-benh-phong-kham-24x18.webp 24w, https:\/\/megagangnam.com\/wp-content\/uploads\/2021\/08\/giay-phep-kham-chua-benh-phong-kham-978x717.webp 978w, https:\/\/megagangnam.com\/wp-content\/uploads\/2021\/08\/giay-phep-kham-chua-benh-phong-kham-757x555.webp 757w, https:\/\/megagangnam.com\/wp-content\/uploads\/2021\/08\/giay-phep-kham-chua-benh-phong-kham-328x240.webp 328w, https:\/\/megagangnam.com\/wp-content\/uploads\/2021\/08\/giay-phep-kham-chua-benh-phong-kham-600x440.webp 600w\" sizes=\"(max-width: 1007px) 100vw, 1007px\" \/>\n<p style=\"text-align: center;\">License to operate medical examination and treatment is issued by the Department of Health<\/p>\n<p><em>Detailed information about business registration : <a href=\"https:\/\/masothue.com\/0108480231-003-ddkd-cong-ty-co-phan-dau-tu-quoc-te-mega-gangnam\">Detail<\/a><\/em><\/p>\n<p>Cosmetic service facility in Da Nang: 2nd Floor, Muong Thanh Luxury Song Han, 115 Nguyen Van Linh, Nam Duong Ward, Hai Chau District, City. Danang<br \/>\n&#8211; Branch code: 0108480231 &#8211; 002 issued by the Department of Planning and Investment of Da Nang City for the first time on September 16, 2019&#8243;<\/p>\n<p>&#8211; License for medical examination and treatment operations: No. 0912\/ DN &#8211; GPHD &#8211; Licensing by Da Nang City Department of Health<\/p>\n<img loading=\"lazy\" decoding=\"async\" class=\"aligncenter wp-image-18213 size-full\" src=\"https:\/\/megagangnam.com\/wp-content\/uploads\/2023\/08\/giay-phep-kham-chua-benh-phong-kham-quoc-te-megagangnam-co-so-da-nang.jpg\" alt=\"giay-phep-kham-chua-benh-phong-kham-quoc-te-megagangnam-co-so-da-nang\" width=\"972\" height=\"682\" srcset=\"https:\/\/megagangnam.com\/wp-content\/uploads\/2023\/08\/giay-phep-kham-chua-benh-phong-kham-quoc-te-megagangnam-co-so-da-nang.jpg 972w, https:\/\/megagangnam.com\/wp-content\/uploads\/2023\/08\/giay-phep-kham-chua-benh-phong-kham-quoc-te-megagangnam-co-so-da-nang-300x210.jpg 300w, https:\/\/megagangnam.com\/wp-content\/uploads\/2023\/08\/giay-phep-kham-chua-benh-phong-kham-quoc-te-megagangnam-co-so-da-nang-768x539.jpg 768w, https:\/\/megagangnam.com\/wp-content\/uploads\/2023\/08\/giay-phep-kham-chua-benh-phong-kham-quoc-te-megagangnam-co-so-da-nang-400x281.jpg 400w, https:\/\/megagangnam.com\/wp-content\/uploads\/2023\/08\/giay-phep-kham-chua-benh-phong-kham-quoc-te-megagangnam-co-so-da-nang-570x400.jpg 570w, https:\/\/megagangnam.com\/wp-content\/uploads\/2023\/08\/giay-phep-kham-chua-benh-phong-kham-quoc-te-megagangnam-co-so-da-nang-240x168.jpg 240w, https:\/\/megagangnam.com\/wp-content\/uploads\/2023\/08\/giay-phep-kham-chua-benh-phong-kham-quoc-te-megagangnam-co-so-da-nang-500x351.jpg 500w, https:\/\/megagangnam.com\/wp-content\/uploads\/2023\/08\/giay-phep-kham-chua-benh-phong-kham-quoc-te-megagangnam-co-so-da-nang-710x498.jpg 710w, https:\/\/megagangnam.com\/wp-content\/uploads\/2023\/08\/giay-phep-kham-chua-benh-phong-kham-quoc-te-megagangnam-co-so-da-nang-755x530.jpg 755w, https:\/\/megagangnam.com\/wp-content\/uploads\/2023\/08\/giay-phep-kham-chua-benh-phong-kham-quoc-te-megagangnam-co-so-da-nang-898x630.jpg 898w, https:\/\/megagangnam.com\/wp-content\/uploads\/2023\/08\/giay-phep-kham-chua-benh-phong-kham-quoc-te-megagangnam-co-so-da-nang-850x596.jpg 850w, https:\/\/megagangnam.com\/wp-content\/uploads\/2023\/08\/giay-phep-kham-chua-benh-phong-kham-quoc-te-megagangnam-co-so-da-nang-800x561.jpg 800w, https:\/\/megagangnam.com\/wp-content\/uploads\/2023\/08\/giay-phep-kham-chua-benh-phong-kham-quoc-te-megagangnam-co-so-da-nang-310x218.jpg 310w, https:\/\/megagangnam.com\/wp-content\/uploads\/2023\/08\/giay-phep-kham-chua-benh-phong-kham-quoc-te-megagangnam-co-so-da-nang-463x325.jpg 463w, https:\/\/megagangnam.com\/wp-content\/uploads\/2023\/08\/giay-phep-kham-chua-benh-phong-kham-quoc-te-megagangnam-co-so-da-nang-145x102.jpg 145w, https:\/\/megagangnam.com\/wp-content\/uploads\/2023\/08\/giay-phep-kham-chua-benh-phong-kham-quoc-te-megagangnam-co-so-da-nang-24x17.jpg 24w, https:\/\/megagangnam.com\/wp-content\/uploads\/2023\/08\/giay-phep-kham-chua-benh-phong-kham-quoc-te-megagangnam-co-so-da-nang-791x555.jpg 791w, https:\/\/megagangnam.com\/wp-content\/uploads\/2023\/08\/giay-phep-kham-chua-benh-phong-kham-quoc-te-megagangnam-co-so-da-nang-328x230.jpg 328w, https:\/\/megagangnam.com\/wp-content\/uploads\/2023\/08\/giay-phep-kham-chua-benh-phong-kham-quoc-te-megagangnam-co-so-da-nang-600x421.jpg 600w\" sizes=\"(max-width: 972px) 100vw, 972px\" \/>\n<p style=\"text-align: center;\">License to operate functional medical examination and treatment specializing in aesthetics at Mega Gangnam Da Nang clinic<\/p>\n<p><em>Detailed information about business registration: <a href=\"https:\/\/masothue.com\/0108480231-002-chi-nhanh-tp-da-nang-cong-ty-co-phan-dau-tu-quoc-te-mega-gangnam\">Detail<\/a><\/em><\/p>\n","protected":false},"excerpt":{"rendered":"<p>International Investment Joint Stock Company &#8211; Mega Gangnam &#8211; Head office address: No. 105, Tran Quoc Hoan Street, Group 2, Dich Vong Hau Ward, Cau Giay District, Hanoi City &#8211;\u00a0Business code: 0108480231 issued by Hanoi Department of Planning and Investment for the first time on October 19, 2018 Detailed information for business registration: Detail Gangnam [&hellip;]<\/p>\n","protected":false},"author":3,"featured_media":0,"parent":0,"menu_order":0,"comment_status":"closed","ping_status":"closed","template":"","meta":{"inline_featured_image":false,"footnotes":""},"class_list":["post-27695","page","type-page","status-publish","hentry"],"yoast_head":"<!-- This site is optimized with the Yoast SEO Premium plugin v23.0 (Yoast SEO v23.0) - https:\/\/yoast.com\/wordpress\/plugins\/seo\/ -->\n<title>C\u00d4NG TY C\u1ed4 PH\u1ea6N \u0110\u1ea6U T\u01af QU\u1ed0C T\u1ebe - MEGA GANGNAM<\/title>\n<meta name=\"robots\" content=\"index, follow, max-snippet:-1, max-image-preview:large, max-video-preview:-1\" \/>\n<link rel=\"canonical\" href=\"https:\/\/megagangnam.com\/thong-tin-chu-so-huu-website\/\" \/>\n<meta property=\"og:locale\" content=\"en_US\" \/>\n<meta property=\"og:type\" content=\"article\" \/>\n<meta property=\"og:title\" content=\"Website owner information\" \/>\n<meta property=\"og:description\" content=\"International Investment Joint Stock Company &#8211; Mega Gangnam &#8211; Head office address: No. 105, Tran Quoc Hoan Street, Group 2, Dich Vong Hau Ward, Cau Giay District, Hanoi City &#8211;\u00a0Business code: 0108480231 issued by Hanoi Department of Planning and Investment for the first time on October 19, 2018 Detailed information for business registration: Detail Gangnam [&hellip;]\" \/>\n<meta property=\"og:url\" content=\"https:\/\/megagangnam.com\/thong-tin-chu-so-huu-website\/\" \/>\n<meta property=\"og:site_name\" content=\"Mega Gangnam\" \/>\n<meta property=\"article:publisher\" content=\"https:\/\/www.facebook.com\/Phongkham.MegaGangnam\" \/>\n<meta property=\"article:modified_time\" content=\"2023-11-07T03:46:47+00:00\" \/>\n<meta property=\"og:image\" content=\"https:\/\/megagangnam.com\/wp-content\/uploads\/2023\/08\/giay-phep-kham-chua-benh-phong-kham-quoc-te-megagangnam-1024x720.jpg\" \/>\n<meta name=\"twitter:card\" content=\"summary_large_image\" \/>\n<meta name=\"twitter:site\" content=\"@pkqtmegagangnam\" \/>\n<meta name=\"twitter:label1\" content=\"Est. reading time\" \/>\n\t<meta name=\"twitter:data1\" content=\"3 minutes\" \/>\n<!-- \/ Yoast SEO Premium plugin. -->","yoast_head_json":{"title":"C\u00d4NG TY C\u1ed4 PH\u1ea6N \u0110\u1ea6U T\u01af QU\u1ed0C T\u1ebe - MEGA GANGNAM","robots":{"index":"index","follow":"follow","max-snippet":"max-snippet:-1","max-image-preview":"max-image-preview:large","max-video-preview":"max-video-preview:-1"},"canonical":"https:\/\/megagangnam.com\/thong-tin-chu-so-huu-website\/","og_locale":"en_US","og_type":"article","og_title":"Website owner information","og_description":"International Investment Joint Stock Company &#8211; Mega Gangnam &#8211; Head office address: No. 105, Tran Quoc Hoan Street, Group 2, Dich Vong Hau Ward, Cau Giay District, Hanoi City &#8211;\u00a0Business code: 0108480231 issued by Hanoi Department of Planning and Investment for the first time on October 19, 2018 Detailed information for business registration: Detail Gangnam [&hellip;]","og_url":"https:\/\/megagangnam.com\/thong-tin-chu-so-huu-website\/","og_site_name":"Mega Gangnam","article_publisher":"https:\/\/www.facebook.com\/Phongkham.MegaGangnam","article_modified_time":"2023-11-07T03:46:47+00:00","og_image":[{"url":"https:\/\/megagangnam.com\/wp-content\/uploads\/2023\/08\/giay-phep-kham-chua-benh-phong-kham-quoc-te-megagangnam-1024x720.jpg"}],"twitter_card":"summary_large_image","twitter_site":"@pkqtmegagangnam","twitter_misc":{"Est. reading time":"3 minutes"},"schema":{"@context":"https:\/\/schema.org","@graph":[{"@type":"WebPage","@id":"https:\/\/megagangnam.com\/thong-tin-chu-so-huu-website\/","url":"https:\/\/megagangnam.com\/thong-tin-chu-so-huu-website\/","name":"C\u00d4NG TY C\u1ed4 PH\u1ea6N \u0110\u1ea6U T\u01af QU\u1ed0C T\u1ebe - MEGA GANGNAM","isPartOf":{"@id":"https:\/\/megagangnam.com\/#website"},"primaryImageOfPage":{"@id":"https:\/\/megagangnam.com\/thong-tin-chu-so-huu-website\/#primaryimage"},"image":{"@id":"https:\/\/megagangnam.com\/thong-tin-chu-so-huu-website\/#primaryimage"},"thumbnailUrl":"https:\/\/megagangnam.com\/wp-content\/uploads\/2023\/08\/giay-phep-kham-chua-benh-phong-kham-quoc-te-megagangnam-1024x720.jpg","datePublished":"2022-06-15T09:30:32+00:00","dateModified":"2023-11-07T03:46:47+00:00","breadcrumb":{"@id":"https:\/\/megagangnam.com\/thong-tin-chu-so-huu-website\/#breadcrumb"},"inLanguage":"en-US","potentialAction":[{"@type":"ReadAction","target":["https:\/\/megagangnam.com\/thong-tin-chu-so-huu-website\/"]}]},{"@type":"ImageObject","inLanguage":"en-US","@id":"https:\/\/megagangnam.com\/thong-tin-chu-so-huu-website\/#primaryimage","url":"https:\/\/megagangnam.com\/wp-content\/uploads\/2023\/08\/giay-phep-kham-chua-benh-phong-kham-quoc-te-megagangnam-1024x720.jpg","contentUrl":"https:\/\/megagangnam.com\/wp-content\/uploads\/2023\/08\/giay-phep-kham-chua-benh-phong-kham-quoc-te-megagangnam-1024x720.jpg"},{"@type":"BreadcrumbList","@id":"https:\/\/megagangnam.com\/thong-tin-chu-so-huu-website\/#breadcrumb","itemListElement":[{"@type":"ListItem","position":1,"name":"Home","item":"https:\/\/megagangnam.com\/en\/"},{"@type":"ListItem","position":2,"name":"Website owner information"}]},{"@type":"WebSite","@id":"https:\/\/megagangnam.com\/#website","url":"https:\/\/megagangnam.com\/","name":"PH\u00d2NG KH\u00c1M MEGA GANGNAM","description":"","publisher":{"@id":"https:\/\/megagangnam.com\/#organization"},"alternateName":"Mega Gangnam","potentialAction":[{"@type":"SearchAction","target":{"@type":"EntryPoint","urlTemplate":"https:\/\/megagangnam.com\/?s={search_term_string}"},"query-input":"required name=search_term_string"}],"inLanguage":"en-US"},{"@type":"Organization","@id":"https:\/\/megagangnam.com\/#organization","name":"PH\u00d2NG KH\u00c1M MEGA GANGNAM","alternateName":"Mega Gangnam","url":"https:\/\/megagangnam.com\/","logo":{"@type":"ImageObject","inLanguage":"en-US","@id":"https:\/\/megagangnam.com\/#\/schema\/logo\/image\/","url":"https:\/\/megagangnam.com\/wp-content\/uploads\/2024\/10\/LOGO-MEGA-GANGNAM-.png","contentUrl":"https:\/\/megagangnam.com\/wp-content\/uploads\/2024\/10\/LOGO-MEGA-GANGNAM-.png","width":1318,"height":752,"caption":"PH\u00d2NG KH\u00c1M MEGA GANGNAM"},"image":{"@id":"https:\/\/megagangnam.com\/#\/schema\/logo\/image\/"},"sameAs":["https:\/\/www.facebook.com\/Phongkham.MegaGangnam","https:\/\/x.com\/pkqtmegagangnam","https:\/\/www.scoop.it\/topic\/mega-gangnam","https:\/\/myspace.com\/pkqtmegagangnam","https:\/\/www.pinterest.com\/pkqtmegagangnam","https:\/\/www.flickr.com\/people\/pkqtmegagangnam\/","https:\/\/www.instagram.com\/pkqtmegagangnam\/","https:\/\/www.youtube.com\/channel\/UCojQ10-ZUGAt4hOpbMqaIZA","https:\/\/www.tiktok.com\/@mega.gangnam","https:\/\/issuu.com\/pkqtmegagangnam"],"description":"Ho\u1ea1t \u0111\u1ed9ng trong l\u0129nh v\u1ef1c ch\u0103m s\u00f3c s\u1ee9c kh\u1ecfe v\u00e0 l\u00e0m \u0111\u1eb9p cao c\u1ea5p, Mega Gangnam s\u1edf h\u1eefu \u0111\u1ea7y \u0111\u1ee7 tinh hoa y t\u1ebf t\u1eeb t\u1eadp \u0111o\u00e0n Mega Corporation. C\u00f3 m\u1eb7t t\u1ea1i Vi\u1ec7t Nam h\u01a1n 16 n\u0103m, Mega Gangnam t\u1ef1 h\u00e0o m\u1edf ra k\u1ef7 nguy\u00ean l\u00e0m \u0111\u1eb9p v\u00e0 ch\u0103m s\u00f3c s\u1ee9c kh\u1ecfe m\u1edbi cho ng\u01b0\u1eddi Vi\u1ec7t.","email":"cskh@megagangnam.com","telephone":"0901 853 853","legalName":"C\u00d4NG TY C\u1ed4 PH\u1ea6N \u0110\u1ea6U T\u01af QU\u1ed0C T\u1ebe - MEGA GANGNAM","foundingDate":"2019-10-19","vatID":"0108480231","taxID":"0108480231","numberOfEmployees":{"@type":"QuantitativeValue","minValue":"501","maxValue":"1000"},"publishingPrinciples":"https:\/\/megagangnam.com\/chinh-sach-bien-tap-noi-dung\/"}]}},"_links":{"self":[{"href":"https:\/\/megagangnam.com\/en\/wp-json\/wp\/v2\/pages\/27695"}],"collection":[{"href":"https:\/\/megagangnam.com\/en\/wp-json\/wp\/v2\/pages"}],"about":[{"href":"https:\/\/megagangnam.com\/en\/wp-json\/wp\/v2\/types\/page"}],"author":[{"embeddable":true,"href":"https:\/\/megagangnam.com\/en\/wp-json\/wp\/v2\/users\/3"}],"replies":[{"embeddable":true,"href":"https:\/\/megagangnam.com\/en\/wp-json\/wp\/v2\/comments?post=27695"}],"version-history":[{"count":2,"href":"https:\/\/megagangnam.com\/en\/wp-json\/wp\/v2\/pages\/27695\/revisions"}],"predecessor-version":[{"id":32009,"href":"https:\/\/megagangnam.com\/en\/wp-json\/wp\/v2\/pages\/27695\/revisions\/32009"}],"wp:attachment":[{"href":"https:\/\/megagangnam.com\/en\/wp-json\/wp\/v2\/media?parent=27695"}],"curies":[{"name":"wp","href":"https:\/\/api.w.org\/{rel}","templated":true}]}}