{"id":27697,"date":"2022-06-09T10:24:02","date_gmt":"2022-06-09T03:24:02","guid":{"rendered":"https:\/\/megagangnam.com\/chinh-sach-bao-mat\/"},"modified":"2023-11-07T10:39:10","modified_gmt":"2023-11-07T03:39:10","slug":"privacy-policy","status":"publish","type":"page","link":"https:\/\/megagangnam.com\/en\/privacy-policy\/","title":{"rendered":"Privacy Policy"},"content":{"rendered":"<p>INFORMATION SECURITY POLICY:<br \/>\n1. Purpose of collecting personal information<br \/>\nThe purpose of collecting customer information is related to issues such as:<br \/>\n&#8211; Customer support: purchasing, payment, delivery.<br \/>\n&#8211; Provide product information, services and support according to customer requests.<br \/>\n&#8211; Send notifications of our latest programs and products.<br \/>\n&#8211; Solve problems that arise when making purchases.<br \/>\n2. Scope of information collection<br \/>\nWe collect personal information from customers when placing orders on the website:<br \/>\nFull name:<br \/>\nEmail address :<br \/>\nPhone number :<br \/>\nAddress :<br \/>\n3. Information storage time<br \/>\nThe Member&#8217;s personal data will be stored until cancellation is requested or the member logs in and makes the cancellation. In all cases, member personal information will be kept confidential on megagangnam.com&#8217;s server.<br \/>\n4. Persons or organizations that may have access to that information<br \/>\n\u2013 For shipping parties, information will be provided to serve the delivery of goods such as Name, address and phone number.<br \/>\n\u2013 For company employees, there will be specialized departments to serve customer care during the process of using the product.<br \/>\n\u2013 Programs are linked, co-implemented, or outsourced for the purposes stated in Section 1 and personal information security requirements always apply.<br \/>\n\u2013 Legal requirements: We may disclose personal information if required to do so by law and such disclosure is reasonably necessary to comply with legal processes.<br \/>\n\u2013 Business transfer (if any): in the event of a full or partial merger or consolidation with another company, the buyer will have the right to access information stored and maintained by us, including personal information.<br \/>\n5. Address of the information collection and management unit<br \/>\n&#8211; Business name: INTERNATIONAL INVESTMENT JOINT STOCK COMPANY &#8211; MEGA GANGNAM<br \/>\n\u2013 Established and operating under Business Registration Certificate No.: 0108480231.by Hanoi Department of Planning and Investment. issued on October 19, 2018<br \/>\n\u2013 Head office: No. 105, Tran Quoc Hoan Street, Group 02, Dich Vong Hau Ward, Cau Giay District, Hanoi City, Vietnam<br \/>\n6. Methods and tools for users to access and edit data:<br \/>\nIf you have any requests regarding access and correction of personal information provided, you can:<br \/>\n&#8211; Call directly to phone number: 0901 853 853<br \/>\n&#8211; Send email: support@megagangnam.com<\/p>\n<p><a href=\"#_ftnref1\" name=\"_ftn1\"><\/a><\/p>\n","protected":false},"excerpt":{"rendered":"<p>INFORMATION SECURITY POLICY: 1. Purpose of collecting personal information The purpose of collecting customer information is related to issues such as: &#8211; Customer support: purchasing, payment, delivery. &#8211; Provide product information, services and support according to customer requests. &#8211; Send notifications of our latest programs and products. &#8211; Solve problems that arise when making purchases. [&hellip;]<\/p>\n","protected":false},"author":3,"featured_media":0,"parent":0,"menu_order":0,"comment_status":"closed","ping_status":"closed","template":"","meta":{"inline_featured_image":false,"footnotes":""},"class_list":["post-27697","page","type-page","status-publish","hentry"],"yoast_head":"<!-- This site is optimized with the Yoast SEO Premium plugin v23.0 (Yoast SEO v23.0) - https:\/\/yoast.com\/wordpress\/plugins\/seo\/ -->\n<title>Privacy Policy - Mega Gangnam<\/title>\n<meta name=\"robots\" content=\"index, follow, max-snippet:-1, max-image-preview:large, max-video-preview:-1\" \/>\n<link rel=\"canonical\" href=\"https:\/\/megagangnam.com\/chinh-sach-bao-mat\/\" \/>\n<meta property=\"og:locale\" content=\"en_US\" \/>\n<meta property=\"og:type\" content=\"article\" \/>\n<meta property=\"og:title\" content=\"Privacy Policy\" \/>\n<meta property=\"og:description\" content=\"INFORMATION SECURITY POLICY: 1. Purpose of collecting personal information The purpose of collecting customer information is related to issues such as: &#8211; Customer support: purchasing, payment, delivery. &#8211; Provide product information, services and support according to customer requests. &#8211; Send notifications of our latest programs and products. &#8211; Solve problems that arise when making purchases. [&hellip;]\" \/>\n<meta property=\"og:url\" content=\"https:\/\/megagangnam.com\/chinh-sach-bao-mat\/\" \/>\n<meta property=\"og:site_name\" content=\"Mega Gangnam\" \/>\n<meta property=\"article:publisher\" content=\"https:\/\/www.facebook.com\/Phongkham.MegaGangnam\" \/>\n<meta property=\"article:modified_time\" content=\"2023-11-07T03:39:10+00:00\" \/>\n<meta name=\"twitter:card\" content=\"summary_large_image\" \/>\n<meta name=\"twitter:site\" content=\"@pkqtmegagangnam\" \/>\n<meta name=\"twitter:label1\" content=\"Est. reading time\" \/>\n\t<meta name=\"twitter:data1\" content=\"2 minutes\" \/>\n<!-- \/ Yoast SEO Premium plugin. -->","yoast_head_json":{"title":"Privacy Policy - Mega Gangnam","robots":{"index":"index","follow":"follow","max-snippet":"max-snippet:-1","max-image-preview":"max-image-preview:large","max-video-preview":"max-video-preview:-1"},"canonical":"https:\/\/megagangnam.com\/chinh-sach-bao-mat\/","og_locale":"en_US","og_type":"article","og_title":"Privacy Policy","og_description":"INFORMATION SECURITY POLICY: 1. Purpose of collecting personal information The purpose of collecting customer information is related to issues such as: &#8211; Customer support: purchasing, payment, delivery. &#8211; Provide product information, services and support according to customer requests. &#8211; Send notifications of our latest programs and products. &#8211; Solve problems that arise when making purchases. [&hellip;]","og_url":"https:\/\/megagangnam.com\/chinh-sach-bao-mat\/","og_site_name":"Mega Gangnam","article_publisher":"https:\/\/www.facebook.com\/Phongkham.MegaGangnam","article_modified_time":"2023-11-07T03:39:10+00:00","twitter_card":"summary_large_image","twitter_site":"@pkqtmegagangnam","twitter_misc":{"Est. reading time":"2 minutes"},"schema":{"@context":"https:\/\/schema.org","@graph":[{"@type":"WebPage","@id":"https:\/\/megagangnam.com\/chinh-sach-bao-mat\/","url":"https:\/\/megagangnam.com\/chinh-sach-bao-mat\/","name":"Privacy Policy - Mega Gangnam","isPartOf":{"@id":"https:\/\/megagangnam.com\/#website"},"datePublished":"2022-06-09T03:24:02+00:00","dateModified":"2023-11-07T03:39:10+00:00","breadcrumb":{"@id":"https:\/\/megagangnam.com\/chinh-sach-bao-mat\/#breadcrumb"},"inLanguage":"en-US","potentialAction":[{"@type":"ReadAction","target":["https:\/\/megagangnam.com\/chinh-sach-bao-mat\/"]}]},{"@type":"BreadcrumbList","@id":"https:\/\/megagangnam.com\/chinh-sach-bao-mat\/#breadcrumb","itemListElement":[{"@type":"ListItem","position":1,"name":"Home","item":"https:\/\/megagangnam.com\/en\/"},{"@type":"ListItem","position":2,"name":"Privacy Policy"}]},{"@type":"WebSite","@id":"https:\/\/megagangnam.com\/#website","url":"https:\/\/megagangnam.com\/","name":"PH\u00d2NG KH\u00c1M MEGA GANGNAM","description":"","publisher":{"@id":"https:\/\/megagangnam.com\/#organization"},"alternateName":"Mega Gangnam","potentialAction":[{"@type":"SearchAction","target":{"@type":"EntryPoint","urlTemplate":"https:\/\/megagangnam.com\/?s={search_term_string}"},"query-input":"required name=search_term_string"}],"inLanguage":"en-US"},{"@type":"Organization","@id":"https:\/\/megagangnam.com\/#organization","name":"PH\u00d2NG KH\u00c1M MEGA GANGNAM","alternateName":"Mega Gangnam","url":"https:\/\/megagangnam.com\/","logo":{"@type":"ImageObject","inLanguage":"en-US","@id":"https:\/\/megagangnam.com\/#\/schema\/logo\/image\/","url":"https:\/\/megagangnam.com\/wp-content\/uploads\/2024\/10\/LOGO-MEGA-GANGNAM-.png","contentUrl":"https:\/\/megagangnam.com\/wp-content\/uploads\/2024\/10\/LOGO-MEGA-GANGNAM-.png","width":1318,"height":752,"caption":"PH\u00d2NG KH\u00c1M MEGA GANGNAM"},"image":{"@id":"https:\/\/megagangnam.com\/#\/schema\/logo\/image\/"},"sameAs":["https:\/\/www.facebook.com\/Phongkham.MegaGangnam","https:\/\/x.com\/pkqtmegagangnam","https:\/\/www.scoop.it\/topic\/mega-gangnam","https:\/\/myspace.com\/pkqtmegagangnam","https:\/\/www.pinterest.com\/pkqtmegagangnam","https:\/\/www.flickr.com\/people\/pkqtmegagangnam\/","https:\/\/www.instagram.com\/pkqtmegagangnam\/","https:\/\/www.youtube.com\/channel\/UCojQ10-ZUGAt4hOpbMqaIZA","https:\/\/www.tiktok.com\/@mega.gangnam","https:\/\/issuu.com\/pkqtmegagangnam"],"description":"Ho\u1ea1t \u0111\u1ed9ng trong l\u0129nh v\u1ef1c ch\u0103m s\u00f3c s\u1ee9c kh\u1ecfe v\u00e0 l\u00e0m \u0111\u1eb9p cao c\u1ea5p, Mega Gangnam s\u1edf h\u1eefu \u0111\u1ea7y \u0111\u1ee7 tinh hoa y t\u1ebf t\u1eeb t\u1eadp \u0111o\u00e0n Mega Corporation. C\u00f3 m\u1eb7t t\u1ea1i Vi\u1ec7t Nam h\u01a1n 16 n\u0103m, Mega Gangnam t\u1ef1 h\u00e0o m\u1edf ra k\u1ef7 nguy\u00ean l\u00e0m \u0111\u1eb9p v\u00e0 ch\u0103m s\u00f3c s\u1ee9c kh\u1ecfe m\u1edbi cho ng\u01b0\u1eddi Vi\u1ec7t.","email":"cskh@megagangnam.com","telephone":"0901 853 853","legalName":"C\u00d4NG TY C\u1ed4 PH\u1ea6N \u0110\u1ea6U T\u01af QU\u1ed0C T\u1ebe - MEGA GANGNAM","foundingDate":"2019-10-19","vatID":"0108480231","taxID":"0108480231","numberOfEmployees":{"@type":"QuantitativeValue","minValue":"501","maxValue":"1000"},"publishingPrinciples":"https:\/\/megagangnam.com\/chinh-sach-bien-tap-noi-dung\/"}]}},"_links":{"self":[{"href":"https:\/\/megagangnam.com\/en\/wp-json\/wp\/v2\/pages\/27697"}],"collection":[{"href":"https:\/\/megagangnam.com\/en\/wp-json\/wp\/v2\/pages"}],"about":[{"href":"https:\/\/megagangnam.com\/en\/wp-json\/wp\/v2\/types\/page"}],"author":[{"embeddable":true,"href":"https:\/\/megagangnam.com\/en\/wp-json\/wp\/v2\/users\/3"}],"replies":[{"embeddable":true,"href":"https:\/\/megagangnam.com\/en\/wp-json\/wp\/v2\/comments?post=27697"}],"version-history":[{"count":1,"href":"https:\/\/megagangnam.com\/en\/wp-json\/wp\/v2\/pages\/27697\/revisions"}],"predecessor-version":[{"id":32027,"href":"https:\/\/megagangnam.com\/en\/wp-json\/wp\/v2\/pages\/27697\/revisions\/32027"}],"wp:attachment":[{"href":"https:\/\/megagangnam.com\/en\/wp-json\/wp\/v2\/media?parent=27697"}],"curies":[{"name":"wp","href":"https:\/\/api.w.org\/{rel}","templated":true}]}}