{"id":31253,"date":"2021-10-20T18:31:22","date_gmt":"2021-10-20T11:31:22","guid":{"rendered":"https:\/\/megagangnam.com\/san-pham\/mat-na-ngu-cung-cap-oxi-tai-tao-lan-da-dung-ban-dem-noctuelle-chrono-destressing-sleeping-mask\/"},"modified":"2023-11-08T10:01:04","modified_gmt":"2023-11-08T03:01:04","slug":"sleeping-mask-providing-renewable-oxygen-for-night-use-no%e2%82%82ctuelle-chrono-destressing-sleeping-mask","status":"publish","type":"product","link":"https:\/\/megagangnam.com\/en\/product\/sleeping-mask-providing-renewable-oxygen-for-night-use-no%e2%82%82ctuelle-chrono-destressing-sleeping-mask\/","title":{"rendered":"SLEEPING MASK PROVIDING RENEWABLE OXYGEN FOR NIGHT USE nO\u2082ctuelle Chrono-Destressing Sleeping Mask"},"content":{"rendered":"<h2><strong>1. INGREDIENT<\/strong><\/h2>\n<p>Vitamin C: Vitamin C is stable and at sufficiently high concentrations, stimulates cell activity and visibly reduces signs of aging. Extracted from Nasturtium rich in \u03b1-glucans: Provides Oxygen.<\/p>\n<h2><strong>2. USES<\/strong><\/h2>\n<p>With anti-aging ingredients vitamin C and oxygen extracted from nasturtium. Helps skin become bright, clear and youthful.<\/p>\n<h2><strong>3. USING<\/strong><\/h2>\n<p>Apply the product evenly on your face and apply the mask on your face for 20 minutes to absorb the essence and apply lotion.<\/p>\n","protected":false},"excerpt":{"rendered":"<p>nO\u2082ctuelle Chrono-Destressing Sleeping Mask<\/p>\n","protected":false},"featured_media":22378,"template":"","meta":{"inline_featured_image":false},"product_cat":[147],"product_tag":[],"class_list":{"0":"post-31253","1":"product","2":"type-product","3":"status-publish","4":"has-post-thumbnail","6":"product_cat-my-pham-en","7":"classify_megaproduct-mat-na-mask-en","9":"first","10":"instock","11":"shipping-taxable","12":"product-type-simple"},"yoast_head":"<!-- This site is optimized with the Yoast SEO Premium plugin v23.0 (Yoast SEO v23.0) - https:\/\/yoast.com\/wordpress\/plugins\/seo\/ -->\n<title>SLEEPING MASK PROVIDING RENEWABLE OXYGEN FOR NIGHT USE nO\u2082ctuelle Chrono-Destressing Sleeping Mask - Mega Gangnam<\/title>\n<meta name=\"robots\" content=\"index, follow, max-snippet:-1, max-image-preview:large, max-video-preview:-1\" \/>\n<link rel=\"canonical\" href=\"https:\/\/megagangnam.com\/en\/product\/sleeping-mask-providing-renewable-oxygen-for-night-use-no\u2082ctuelle-chrono-destressing-sleeping-mask\/\" \/>\n<meta property=\"og:locale\" content=\"en_US\" \/>\n<meta property=\"og:type\" content=\"article\" \/>\n<meta property=\"og:title\" content=\"SLEEPING MASK PROVIDING RENEWABLE OXYGEN FOR NIGHT USE nO\u2082ctuelle Chrono-Destressing Sleeping Mask\" \/>\n<meta property=\"og:description\" content=\"nO\u2082ctuelle Chrono-Destressing Sleeping Mask\" \/>\n<meta property=\"og:url\" content=\"https:\/\/megagangnam.com\/en\/product\/sleeping-mask-providing-renewable-oxygen-for-night-use-no\u2082ctuelle-chrono-destressing-sleeping-mask\/\" \/>\n<meta property=\"og:site_name\" content=\"Mega Gangnam\" \/>\n<meta property=\"article:publisher\" content=\"https:\/\/www.facebook.com\/Phongkham.MegaGangnam\" \/>\n<meta property=\"article:modified_time\" content=\"2023-11-08T03:01:04+00:00\" \/>\n<meta property=\"og:image\" content=\"https:\/\/megagangnam.com\/wp-content\/uploads\/2021\/10\/2-8.png\" \/>\n\t<meta property=\"og:image:width\" content=\"1080\" \/>\n\t<meta property=\"og:image:height\" content=\"1080\" \/>\n\t<meta property=\"og:image:type\" content=\"image\/png\" \/>\n<meta name=\"twitter:card\" content=\"summary_large_image\" \/>\n<meta name=\"twitter:site\" content=\"@pkqtmegagangnam\" \/>\n<meta name=\"twitter:label1\" content=\"Est. reading time\" \/>\n\t<meta name=\"twitter:data1\" content=\"1 minute\" \/>\n<!-- \/ Yoast SEO Premium plugin. -->","yoast_head_json":{"title":"SLEEPING MASK PROVIDING RENEWABLE OXYGEN FOR NIGHT USE nO\u2082ctuelle Chrono-Destressing Sleeping Mask - Mega Gangnam","robots":{"index":"index","follow":"follow","max-snippet":"max-snippet:-1","max-image-preview":"max-image-preview:large","max-video-preview":"max-video-preview:-1"},"canonical":"https:\/\/megagangnam.com\/en\/product\/sleeping-mask-providing-renewable-oxygen-for-night-use-no\u2082ctuelle-chrono-destressing-sleeping-mask\/","og_locale":"en_US","og_type":"article","og_title":"SLEEPING MASK PROVIDING RENEWABLE OXYGEN FOR NIGHT USE nO\u2082ctuelle Chrono-Destressing Sleeping Mask","og_description":"nO\u2082ctuelle Chrono-Destressing Sleeping Mask","og_url":"https:\/\/megagangnam.com\/en\/product\/sleeping-mask-providing-renewable-oxygen-for-night-use-no\u2082ctuelle-chrono-destressing-sleeping-mask\/","og_site_name":"Mega Gangnam","article_publisher":"https:\/\/www.facebook.com\/Phongkham.MegaGangnam","article_modified_time":"2023-11-08T03:01:04+00:00","og_image":[{"width":1080,"height":1080,"url":"https:\/\/megagangnam.com\/wp-content\/uploads\/2021\/10\/2-8.png","type":"image\/png"}],"twitter_card":"summary_large_image","twitter_site":"@pkqtmegagangnam","twitter_misc":{"Est. reading time":"1 minute"},"schema":{"@context":"https:\/\/schema.org","@graph":[{"@type":"WebPage","@id":"https:\/\/megagangnam.com\/en\/product\/sleeping-mask-providing-renewable-oxygen-for-night-use-no%e2%82%82ctuelle-chrono-destressing-sleeping-mask\/","url":"https:\/\/megagangnam.com\/en\/product\/sleeping-mask-providing-renewable-oxygen-for-night-use-no%e2%82%82ctuelle-chrono-destressing-sleeping-mask\/","name":"SLEEPING MASK PROVIDING RENEWABLE OXYGEN FOR NIGHT USE nO\u2082ctuelle Chrono-Destressing Sleeping Mask - Mega Gangnam","isPartOf":{"@id":"https:\/\/megagangnam.com\/#website"},"primaryImageOfPage":{"@id":"https:\/\/megagangnam.com\/en\/product\/sleeping-mask-providing-renewable-oxygen-for-night-use-no%e2%82%82ctuelle-chrono-destressing-sleeping-mask\/#primaryimage"},"image":{"@id":"https:\/\/megagangnam.com\/en\/product\/sleeping-mask-providing-renewable-oxygen-for-night-use-no%e2%82%82ctuelle-chrono-destressing-sleeping-mask\/#primaryimage"},"thumbnailUrl":"https:\/\/megagangnam.com\/wp-content\/uploads\/2021\/10\/2-8.png","datePublished":"2021-10-20T11:31:22+00:00","dateModified":"2023-11-08T03:01:04+00:00","breadcrumb":{"@id":"https:\/\/megagangnam.com\/en\/product\/sleeping-mask-providing-renewable-oxygen-for-night-use-no%e2%82%82ctuelle-chrono-destressing-sleeping-mask\/#breadcrumb"},"inLanguage":"en-US","potentialAction":[{"@type":"ReadAction","target":["https:\/\/megagangnam.com\/en\/product\/sleeping-mask-providing-renewable-oxygen-for-night-use-no%e2%82%82ctuelle-chrono-destressing-sleeping-mask\/"]}]},{"@type":"ImageObject","inLanguage":"en-US","@id":"https:\/\/megagangnam.com\/en\/product\/sleeping-mask-providing-renewable-oxygen-for-night-use-no%e2%82%82ctuelle-chrono-destressing-sleeping-mask\/#primaryimage","url":"https:\/\/megagangnam.com\/wp-content\/uploads\/2021\/10\/2-8.png","contentUrl":"https:\/\/megagangnam.com\/wp-content\/uploads\/2021\/10\/2-8.png","width":1080,"height":1080},{"@type":"BreadcrumbList","@id":"https:\/\/megagangnam.com\/en\/product\/sleeping-mask-providing-renewable-oxygen-for-night-use-no%e2%82%82ctuelle-chrono-destressing-sleeping-mask\/#breadcrumb","itemListElement":[{"@type":"ListItem","position":1,"name":"Home","item":"https:\/\/megagangnam.com\/en\/"},{"@type":"ListItem","position":2,"name":"Shop","item":"https:\/\/megagangnam.com\/shop\/"},{"@type":"ListItem","position":3,"name":"SLEEPING MASK PROVIDING RENEWABLE OXYGEN FOR NIGHT USE nO\u2082ctuelle Chrono-Destressing Sleeping Mask"}]},{"@type":"WebSite","@id":"https:\/\/megagangnam.com\/#website","url":"https:\/\/megagangnam.com\/","name":"PH\u00d2NG KH\u00c1M MEGA GANGNAM","description":"","publisher":{"@id":"https:\/\/megagangnam.com\/#organization"},"alternateName":"Mega Gangnam","potentialAction":[{"@type":"SearchAction","target":{"@type":"EntryPoint","urlTemplate":"https:\/\/megagangnam.com\/?s={search_term_string}"},"query-input":"required name=search_term_string"}],"inLanguage":"en-US"},{"@type":"Organization","@id":"https:\/\/megagangnam.com\/#organization","name":"PH\u00d2NG KH\u00c1M MEGA GANGNAM","alternateName":"Mega Gangnam","url":"https:\/\/megagangnam.com\/","logo":{"@type":"ImageObject","inLanguage":"en-US","@id":"https:\/\/megagangnam.com\/#\/schema\/logo\/image\/","url":"https:\/\/megagangnam.com\/wp-content\/uploads\/2024\/10\/LOGO-MEGA-GANGNAM-.png","contentUrl":"https:\/\/megagangnam.com\/wp-content\/uploads\/2024\/10\/LOGO-MEGA-GANGNAM-.png","width":1318,"height":752,"caption":"PH\u00d2NG KH\u00c1M MEGA GANGNAM"},"image":{"@id":"https:\/\/megagangnam.com\/#\/schema\/logo\/image\/"},"sameAs":["https:\/\/www.facebook.com\/Phongkham.MegaGangnam","https:\/\/x.com\/pkqtmegagangnam","https:\/\/www.scoop.it\/topic\/mega-gangnam","https:\/\/myspace.com\/pkqtmegagangnam","https:\/\/www.pinterest.com\/pkqtmegagangnam","https:\/\/www.flickr.com\/people\/pkqtmegagangnam\/","https:\/\/www.instagram.com\/pkqtmegagangnam\/","https:\/\/www.youtube.com\/channel\/UCojQ10-ZUGAt4hOpbMqaIZA","https:\/\/www.tiktok.com\/@mega.gangnam","https:\/\/issuu.com\/pkqtmegagangnam"],"description":"Ho\u1ea1t \u0111\u1ed9ng trong l\u0129nh v\u1ef1c ch\u0103m s\u00f3c s\u1ee9c kh\u1ecfe v\u00e0 l\u00e0m \u0111\u1eb9p cao c\u1ea5p, Mega Gangnam s\u1edf h\u1eefu \u0111\u1ea7y \u0111\u1ee7 tinh hoa y t\u1ebf t\u1eeb t\u1eadp \u0111o\u00e0n Mega Corporation. C\u00f3 m\u1eb7t t\u1ea1i Vi\u1ec7t Nam h\u01a1n 16 n\u0103m, Mega Gangnam t\u1ef1 h\u00e0o m\u1edf ra k\u1ef7 nguy\u00ean l\u00e0m \u0111\u1eb9p v\u00e0 ch\u0103m s\u00f3c s\u1ee9c kh\u1ecfe m\u1edbi cho ng\u01b0\u1eddi Vi\u1ec7t.","email":"cskh@megagangnam.com","telephone":"0901 853 853","legalName":"C\u00d4NG TY C\u1ed4 PH\u1ea6N \u0110\u1ea6U T\u01af QU\u1ed0C T\u1ebe - MEGA GANGNAM","foundingDate":"2019-10-19","vatID":"0108480231","taxID":"0108480231","numberOfEmployees":{"@type":"QuantitativeValue","minValue":"501","maxValue":"1000"},"publishingPrinciples":"https:\/\/megagangnam.com\/chinh-sach-bien-tap-noi-dung\/"}]}},"_links":{"self":[{"href":"https:\/\/megagangnam.com\/en\/wp-json\/wp\/v2\/product\/31253"}],"collection":[{"href":"https:\/\/megagangnam.com\/en\/wp-json\/wp\/v2\/product"}],"about":[{"href":"https:\/\/megagangnam.com\/en\/wp-json\/wp\/v2\/types\/product"}],"wp:featuredmedia":[{"embeddable":true,"href":"https:\/\/megagangnam.com\/en\/wp-json\/wp\/v2\/media\/22378"}],"wp:attachment":[{"href":"https:\/\/megagangnam.com\/en\/wp-json\/wp\/v2\/media?parent=31253"}],"wp:term":[{"taxonomy":"product_cat","embeddable":true,"href":"https:\/\/megagangnam.com\/en\/wp-json\/wp\/v2\/product_cat?post=31253"},{"taxonomy":"product_tag","embeddable":true,"href":"https:\/\/megagangnam.com\/en\/wp-json\/wp\/v2\/product_tag?post=31253"}],"curies":[{"name":"wp","href":"https:\/\/api.w.org\/{rel}","templated":true}]}}