{"id":31256,"date":"2021-10-20T18:29:15","date_gmt":"2021-10-20T11:29:15","guid":{"rendered":"https:\/\/megagangnam.com\/san-pham\/nhu-tuong-nuoi-duong-lam-mem-da-softening-emulsion\/"},"modified":"2023-11-08T09:13:22","modified_gmt":"2023-11-08T02:13:22","slug":"skin-softening-nourishing-emulsion","status":"publish","type":"product","link":"https:\/\/megagangnam.com\/en\/product\/skin-softening-nourishing-emulsion\/","title":{"rendered":"Skin-softening Nourishing Emulsion"},"content":{"rendered":"<p>INGREDIENTS<\/p>\n<p>Extract from thorny tree resin: Enhances the skin&#8217;s natural functions. Mattifying powder: Controls shine.<\/p>\n<p>BENEFITS<\/p>\n<p>Reinforces the skin&#8217;s natural features, stimulates cell renewal, moisturizes, and softens the skin. Enhances the skin&#8217;s natural functions and reduces oiliness.<\/p>\n<p>HOW TO USE<\/p>\n<p>Cleanse the skin, apply to the face, neck, and chest, gently pat with cosmetics. Use in the morning and\/or evening.<\/p>\n","protected":false},"excerpt":{"rendered":"<p>Softening Emulsion<\/p>\n","protected":false},"featured_media":22381,"template":"","meta":{"inline_featured_image":false},"product_cat":[147],"product_tag":[],"class_list":{"0":"post-31256","1":"product","2":"type-product","3":"status-publish","4":"has-post-thumbnail","6":"product_cat-my-pham-en","7":"classify_megaproduct-nhu-tuong-en","9":"first","10":"instock","11":"shipping-taxable","12":"product-type-simple"},"yoast_head":"<!-- This site is optimized with the Yoast SEO Premium plugin v23.0 (Yoast SEO v23.0) - https:\/\/yoast.com\/wordpress\/plugins\/seo\/ -->\n<title>Skin-softening Nourishing Emulsion - Mega Gangnam<\/title>\n<meta name=\"robots\" content=\"index, follow, max-snippet:-1, max-image-preview:large, max-video-preview:-1\" \/>\n<link rel=\"canonical\" href=\"https:\/\/megagangnam.com\/product\/nhu-tuong-nuoi-duong-lam-mem-da-softening-emulsion\/\" \/>\n<meta property=\"og:locale\" content=\"en_US\" \/>\n<meta property=\"og:type\" content=\"article\" \/>\n<meta property=\"og:title\" content=\"Skin-softening Nourishing Emulsion\" \/>\n<meta property=\"og:description\" content=\"Softening Emulsion\" \/>\n<meta property=\"og:url\" content=\"https:\/\/megagangnam.com\/product\/nhu-tuong-nuoi-duong-lam-mem-da-softening-emulsion\/\" \/>\n<meta property=\"og:site_name\" content=\"Mega Gangnam\" \/>\n<meta property=\"article:publisher\" content=\"https:\/\/www.facebook.com\/Phongkham.MegaGangnam\" \/>\n<meta property=\"article:modified_time\" content=\"2023-11-08T02:13:22+00:00\" \/>\n<meta property=\"og:image\" content=\"https:\/\/megagangnam.com\/wp-content\/uploads\/2021\/10\/1-7.png\" \/>\n\t<meta property=\"og:image:width\" content=\"1080\" \/>\n\t<meta property=\"og:image:height\" content=\"1080\" \/>\n\t<meta property=\"og:image:type\" content=\"image\/png\" \/>\n<meta name=\"twitter:card\" content=\"summary_large_image\" \/>\n<meta name=\"twitter:site\" content=\"@pkqtmegagangnam\" \/>\n<meta name=\"twitter:label1\" content=\"Est. reading time\" \/>\n\t<meta name=\"twitter:data1\" content=\"1 minute\" \/>\n<!-- \/ Yoast SEO Premium plugin. -->","yoast_head_json":{"title":"Skin-softening Nourishing Emulsion - Mega Gangnam","robots":{"index":"index","follow":"follow","max-snippet":"max-snippet:-1","max-image-preview":"max-image-preview:large","max-video-preview":"max-video-preview:-1"},"canonical":"https:\/\/megagangnam.com\/product\/nhu-tuong-nuoi-duong-lam-mem-da-softening-emulsion\/","og_locale":"en_US","og_type":"article","og_title":"Skin-softening Nourishing Emulsion","og_description":"Softening Emulsion","og_url":"https:\/\/megagangnam.com\/product\/nhu-tuong-nuoi-duong-lam-mem-da-softening-emulsion\/","og_site_name":"Mega Gangnam","article_publisher":"https:\/\/www.facebook.com\/Phongkham.MegaGangnam","article_modified_time":"2023-11-08T02:13:22+00:00","og_image":[{"width":1080,"height":1080,"url":"https:\/\/megagangnam.com\/wp-content\/uploads\/2021\/10\/1-7.png","type":"image\/png"}],"twitter_card":"summary_large_image","twitter_site":"@pkqtmegagangnam","twitter_misc":{"Est. reading time":"1 minute"},"schema":{"@context":"https:\/\/schema.org","@graph":[{"@type":"WebPage","@id":"https:\/\/megagangnam.com\/product\/nhu-tuong-nuoi-duong-lam-mem-da-softening-emulsion\/","url":"https:\/\/megagangnam.com\/product\/nhu-tuong-nuoi-duong-lam-mem-da-softening-emulsion\/","name":"Skin-softening Nourishing Emulsion - Mega Gangnam","isPartOf":{"@id":"https:\/\/megagangnam.com\/#website"},"primaryImageOfPage":{"@id":"https:\/\/megagangnam.com\/product\/nhu-tuong-nuoi-duong-lam-mem-da-softening-emulsion\/#primaryimage"},"image":{"@id":"https:\/\/megagangnam.com\/product\/nhu-tuong-nuoi-duong-lam-mem-da-softening-emulsion\/#primaryimage"},"thumbnailUrl":"https:\/\/megagangnam.com\/wp-content\/uploads\/2021\/10\/1-7.png","datePublished":"2021-10-20T11:29:15+00:00","dateModified":"2023-11-08T02:13:22+00:00","breadcrumb":{"@id":"https:\/\/megagangnam.com\/product\/nhu-tuong-nuoi-duong-lam-mem-da-softening-emulsion\/#breadcrumb"},"inLanguage":"en-US","potentialAction":[{"@type":"ReadAction","target":["https:\/\/megagangnam.com\/product\/nhu-tuong-nuoi-duong-lam-mem-da-softening-emulsion\/"]}]},{"@type":"ImageObject","inLanguage":"en-US","@id":"https:\/\/megagangnam.com\/product\/nhu-tuong-nuoi-duong-lam-mem-da-softening-emulsion\/#primaryimage","url":"https:\/\/megagangnam.com\/wp-content\/uploads\/2021\/10\/1-7.png","contentUrl":"https:\/\/megagangnam.com\/wp-content\/uploads\/2021\/10\/1-7.png","width":1080,"height":1080},{"@type":"BreadcrumbList","@id":"https:\/\/megagangnam.com\/product\/nhu-tuong-nuoi-duong-lam-mem-da-softening-emulsion\/#breadcrumb","itemListElement":[{"@type":"ListItem","position":1,"name":"Home","item":"https:\/\/megagangnam.com\/en\/"},{"@type":"ListItem","position":2,"name":"Shop","item":"https:\/\/megagangnam.com\/shop\/"},{"@type":"ListItem","position":3,"name":"Skin-softening Nourishing Emulsion"}]},{"@type":"WebSite","@id":"https:\/\/megagangnam.com\/#website","url":"https:\/\/megagangnam.com\/","name":"PH\u00d2NG KH\u00c1M MEGA GANGNAM","description":"","publisher":{"@id":"https:\/\/megagangnam.com\/#organization"},"alternateName":"Mega Gangnam","potentialAction":[{"@type":"SearchAction","target":{"@type":"EntryPoint","urlTemplate":"https:\/\/megagangnam.com\/?s={search_term_string}"},"query-input":"required name=search_term_string"}],"inLanguage":"en-US"},{"@type":"Organization","@id":"https:\/\/megagangnam.com\/#organization","name":"PH\u00d2NG KH\u00c1M MEGA GANGNAM","alternateName":"Mega Gangnam","url":"https:\/\/megagangnam.com\/","logo":{"@type":"ImageObject","inLanguage":"en-US","@id":"https:\/\/megagangnam.com\/#\/schema\/logo\/image\/","url":"https:\/\/megagangnam.com\/wp-content\/uploads\/2024\/10\/LOGO-MEGA-GANGNAM-.png","contentUrl":"https:\/\/megagangnam.com\/wp-content\/uploads\/2024\/10\/LOGO-MEGA-GANGNAM-.png","width":1318,"height":752,"caption":"PH\u00d2NG KH\u00c1M MEGA GANGNAM"},"image":{"@id":"https:\/\/megagangnam.com\/#\/schema\/logo\/image\/"},"sameAs":["https:\/\/www.facebook.com\/Phongkham.MegaGangnam","https:\/\/x.com\/pkqtmegagangnam","https:\/\/www.scoop.it\/topic\/mega-gangnam","https:\/\/myspace.com\/pkqtmegagangnam","https:\/\/www.pinterest.com\/pkqtmegagangnam","https:\/\/www.flickr.com\/people\/pkqtmegagangnam\/","https:\/\/www.instagram.com\/pkqtmegagangnam\/","https:\/\/www.youtube.com\/channel\/UCojQ10-ZUGAt4hOpbMqaIZA","https:\/\/www.tiktok.com\/@mega.gangnam","https:\/\/issuu.com\/pkqtmegagangnam"],"description":"Ho\u1ea1t \u0111\u1ed9ng trong l\u0129nh v\u1ef1c ch\u0103m s\u00f3c s\u1ee9c kh\u1ecfe v\u00e0 l\u00e0m \u0111\u1eb9p cao c\u1ea5p, Mega Gangnam s\u1edf h\u1eefu \u0111\u1ea7y \u0111\u1ee7 tinh hoa y t\u1ebf t\u1eeb t\u1eadp \u0111o\u00e0n Mega Corporation. C\u00f3 m\u1eb7t t\u1ea1i Vi\u1ec7t Nam h\u01a1n 16 n\u0103m, Mega Gangnam t\u1ef1 h\u00e0o m\u1edf ra k\u1ef7 nguy\u00ean l\u00e0m \u0111\u1eb9p v\u00e0 ch\u0103m s\u00f3c s\u1ee9c kh\u1ecfe m\u1edbi cho ng\u01b0\u1eddi Vi\u1ec7t.","email":"cskh@megagangnam.com","telephone":"0901 853 853","legalName":"C\u00d4NG TY C\u1ed4 PH\u1ea6N \u0110\u1ea6U T\u01af QU\u1ed0C T\u1ebe - MEGA GANGNAM","foundingDate":"2019-10-19","vatID":"0108480231","taxID":"0108480231","numberOfEmployees":{"@type":"QuantitativeValue","minValue":"501","maxValue":"1000"},"publishingPrinciples":"https:\/\/megagangnam.com\/chinh-sach-bien-tap-noi-dung\/"}]}},"_links":{"self":[{"href":"https:\/\/megagangnam.com\/en\/wp-json\/wp\/v2\/product\/31256"}],"collection":[{"href":"https:\/\/megagangnam.com\/en\/wp-json\/wp\/v2\/product"}],"about":[{"href":"https:\/\/megagangnam.com\/en\/wp-json\/wp\/v2\/types\/product"}],"wp:featuredmedia":[{"embeddable":true,"href":"https:\/\/megagangnam.com\/en\/wp-json\/wp\/v2\/media\/22381"}],"wp:attachment":[{"href":"https:\/\/megagangnam.com\/en\/wp-json\/wp\/v2\/media?parent=31256"}],"wp:term":[{"taxonomy":"product_cat","embeddable":true,"href":"https:\/\/megagangnam.com\/en\/wp-json\/wp\/v2\/product_cat?post=31256"},{"taxonomy":"product_tag","embeddable":true,"href":"https:\/\/megagangnam.com\/en\/wp-json\/wp\/v2\/product_tag?post=31256"}],"curies":[{"name":"wp","href":"https:\/\/api.w.org\/{rel}","templated":true}]}}